{"id":972,"date":"2014-08-17T16:02:30","date_gmt":"2014-08-17T16:02:30","guid":{"rendered":"http:\/\/www.edgarvidaurre.org\/?page_id=972"},"modified":"2020-08-08T15:55:39","modified_gmt":"2020-08-08T15:55:39","slug":"alquimia-de-mujer","status":"publish","type":"page","link":"https:\/\/edgarvidaurre.org\/?page_id=972","title":{"rendered":"Alquimia de mujer&#8230;"},"content":{"rendered":"\n<div class=\"twitter-share\"><a href=\"https:\/\/twitter.com\/intent\/tweet?via=evidaurre\" class=\"twitter-share-button\" data-size=\"large\">Tweet<\/a><\/div>\n<p style=\"text-align: justify;\"><a href=\"https:\/\/www.edgarvidaurre.org\/wp-content\/uploads\/2014\/08\/nardos.jpg\"><img decoding=\"async\" loading=\"lazy\" class=\"aligncenter size-full wp-image-973\" src=\"https:\/\/www.edgarvidaurre.org\/wp-content\/uploads\/2014\/08\/nardos.jpg\" alt=\"nardos\" width=\"350\" height=\"282\" srcset=\"https:\/\/edgarvidaurre.org\/wp-content\/uploads\/2014\/08\/nardos.jpg 350w, https:\/\/edgarvidaurre.org\/wp-content\/uploads\/2014\/08\/nardos-300x241.jpg 300w\" sizes=\"(max-width: 350px) 100vw, 350px\" \/><\/a><\/p>\n<p style=\"text-align: justify;\">Una verdadera mujer es capaz de cambiar el estado f\u00edsico de la materia\u2026 de s\u00f3lido a l\u00edquido o vapor tenue. Esa virtud de condensar o de vaporizar las emociones tiene su evidencia m\u00e1s clara en esa gota de agua capaz de contener todo el secreto de su transido coraz\u00f3n\u2026met\u00e1fora de la nube que contiene el agua estremecida de los r\u00edos y de los oc\u00e9anos, para devolverla en precipitaci\u00f3n de lluvia capaz en su persistencia, de modelar la piedra y de formar con su mezcla el barro sagrado. Pero es la neblina amanecida o atardecida la que evoca el estado de inminencia, de promesa, de espera, lo que m\u00e1s me conmueve de esa virtud. Algo similar comprend\u00ed una noche al entender que esa maravilla de lo femenino se puede refinar a tal grado, que la transformaci\u00f3n de lo visible se puede replicar en algo que aunque intangible, es lo que nos permite ver: la luz. Esa mujer nardo, que como la flor silvestre de los campos agrestes de monta\u00f1a, recoge toda la luz despiadada del d\u00eda, para transformarla en aroma\u2026lo visible y lo invisible. Lo que permite ver con los ojos abiertos para entender con los ojos cerrados.<\/p>\n","protected":false},"excerpt":{"rendered":"<p>Una verdadera mujer es capaz de cambiar el estado f\u00edsico de la materia\u2026 de s\u00f3lido a l\u00edquido o vapor tenue. Esa virtud de condensar o de vaporizar las emociones tiene su evidencia m\u00e1s clara en esa gota de agua capaz de contener todo el secreto de su transido coraz\u00f3n\u2026met\u00e1fora de la nube que contiene el&#8230;<\/p>\n","protected":false},"author":2,"featured_media":0,"parent":5,"menu_order":0,"comment_status":"closed","ping_status":"closed","template":"","meta":{"ngg_post_thumbnail":0,"jetpack_post_was_ever_published":false},"jetpack_sharing_enabled":true,"jetpack_shortlink":"https:\/\/wp.me\/P9ptYK-fG","_links":{"self":[{"href":"https:\/\/edgarvidaurre.org\/index.php?rest_route=\/wp\/v2\/pages\/972"}],"collection":[{"href":"https:\/\/edgarvidaurre.org\/index.php?rest_route=\/wp\/v2\/pages"}],"about":[{"href":"https:\/\/edgarvidaurre.org\/index.php?rest_route=\/wp\/v2\/types\/page"}],"author":[{"embeddable":true,"href":"https:\/\/edgarvidaurre.org\/index.php?rest_route=\/wp\/v2\/users\/2"}],"replies":[{"embeddable":true,"href":"https:\/\/edgarvidaurre.org\/index.php?rest_route=%2Fwp%2Fv2%2Fcomments&post=972"}],"version-history":[{"count":3,"href":"https:\/\/edgarvidaurre.org\/index.php?rest_route=\/wp\/v2\/pages\/972\/revisions"}],"predecessor-version":[{"id":1842,"href":"https:\/\/edgarvidaurre.org\/index.php?rest_route=\/wp\/v2\/pages\/972\/revisions\/1842"}],"up":[{"embeddable":true,"href":"https:\/\/edgarvidaurre.org\/index.php?rest_route=\/wp\/v2\/pages\/5"}],"wp:attachment":[{"href":"https:\/\/edgarvidaurre.org\/index.php?rest_route=%2Fwp%2Fv2%2Fmedia&parent=972"}],"curies":[{"name":"wp","href":"https:\/\/api.w.org\/{rel}","templated":true}]}}