{"id":839,"date":"2014-04-24T01:36:17","date_gmt":"2014-04-24T01:36:17","guid":{"rendered":"http:\/\/www.edgarvidaurre.org\/?page_id=839"},"modified":"2018-02-24T00:50:05","modified_gmt":"2018-02-24T00:50:05","slug":"nos-movemos-al-ritmo-de-las-olas","status":"publish","type":"page","link":"https:\/\/edgarvidaurre.org\/?page_id=839","title":{"rendered":"Nos movemos al ritmo de las olas"},"content":{"rendered":"\n<div class=\"twitter-share\"><a href=\"https:\/\/twitter.com\/intent\/tweet?via=evidaurre\" class=\"twitter-share-button\" data-size=\"large\">Tweet<\/a><\/div>\n<p style=\"text-align: justify;\"><a href=\"https:\/\/www.edgarvidaurre.org\/wp-content\/uploads\/2014\/04\/patanemo.jpg\"><img decoding=\"async\" loading=\"lazy\" class=\"aligncenter size-full wp-image-844\" src=\"https:\/\/www.edgarvidaurre.org\/wp-content\/uploads\/2014\/04\/patanemo.jpg\" alt=\"patanemo\" width=\"550\" height=\"413\" srcset=\"https:\/\/edgarvidaurre.org\/wp-content\/uploads\/2014\/04\/patanemo.jpg 550w, https:\/\/edgarvidaurre.org\/wp-content\/uploads\/2014\/04\/patanemo-300x225.jpg 300w\" sizes=\"(max-width: 550px) 100vw, 550px\" \/><\/a><\/p>\n<p>\u00bfQui\u00e9n se llev\u00f3 a la mujer&nbsp;&nbsp;quemada por el sol?<br \/>\nEl viento marino con su soplo di\u00e1fano<br \/>\nInclina una vela so\u00f1ada<br \/>\nA lo lejos el Amor&nbsp;&nbsp;murmura&nbsp;&nbsp;su promesa \u2013 Rumor de mar.<\/p>\n<p>&nbsp;<\/p>\n<p style=\"text-align: justify;\"><em>\u201cNos movemos al ritmo de las olas\u201d<\/em>\u2026 la oscilaci\u00f3n, ese llegar y retirarse para luego volver, es (y ahora lo comprendo) el amoroso ritual que hace la ola para humedecer la orilla y mezclar la sal de todas las espumas. Hoy evoco a esa mujer-mar. Ella me pregunta que es el mar y yo no puedo responderle\u2026 puede que el mar est\u00e9 en esa l\u00e1grima sobrevenida desde lo m\u00e1s hondo, o como dec\u00eda el poeta \u201c<em>una ola y otra ola y otra deshaciendo su cuerpo contra mi cuerpo. Entonces el mar es una caricia, una luz mojada en la que despierta mi coraz\u00f3n reciente\u2026\u201d <\/em> Tal vez el mar sea ese beso de sal, o la brisa que nace de tu boca entre-abierta, para soplar su secreto justamente en el cabo donde duermen en la noche, todas mis barcas\u2026tambi\u00e9n el mar puede ser este miedo a naufragar, a perderlo todo de nuevo el naufragio, esta par\u00e1lisis. Pero sobre todo el mar es este viaje de regreso al origen, el retorno. No, el mar no es una nube, ni una lluvia, ni un r\u00edo. El coraz\u00f3n del mar guarda un secreto antiguo e insondable como el de una mujer cuando cierra sus ojos y sonr\u00ede. El mar es esa mujer que uno ama en el umbral de la luz y de la sombra\u2026 mujer oce\u00e1nica, sobre el pecho del atardecer, haciendo que el mar vuelva a ser gentil, \u00edntimo y m\u00edo. Un sue\u00f1o marino enred\u00e1ndose a mi vida como cabello entre mis dedos\u2026el mar ese rumor que nos hace oscilar acompasadamente con las olas. El mar, es el amor murmurando su promesa<\/p>\n<p>&nbsp;<\/p>\n","protected":false},"excerpt":{"rendered":"<p>\u00bfQui\u00e9n se llev\u00f3 a la mujer&nbsp;&nbsp;quemada por el sol? El viento marino con su soplo di\u00e1fano Inclina una vela so\u00f1ada A lo lejos el Amor&nbsp;&nbsp;murmura&nbsp;&nbsp;su promesa \u2013 Rumor de mar. &nbsp; \u201cNos movemos al ritmo de las olas\u201d\u2026 la oscilaci\u00f3n, ese llegar y retirarse para luego volver, es (y ahora lo comprendo) el amoroso ritual&#8230;<\/p>\n","protected":false},"author":2,"featured_media":0,"parent":5,"menu_order":0,"comment_status":"closed","ping_status":"closed","template":"","meta":{"ngg_post_thumbnail":0,"jetpack_post_was_ever_published":false},"jetpack_sharing_enabled":true,"jetpack_shortlink":"https:\/\/wp.me\/P9ptYK-dx","_links":{"self":[{"href":"https:\/\/edgarvidaurre.org\/index.php?rest_route=\/wp\/v2\/pages\/839"}],"collection":[{"href":"https:\/\/edgarvidaurre.org\/index.php?rest_route=\/wp\/v2\/pages"}],"about":[{"href":"https:\/\/edgarvidaurre.org\/index.php?rest_route=\/wp\/v2\/types\/page"}],"author":[{"embeddable":true,"href":"https:\/\/edgarvidaurre.org\/index.php?rest_route=\/wp\/v2\/users\/2"}],"replies":[{"embeddable":true,"href":"https:\/\/edgarvidaurre.org\/index.php?rest_route=%2Fwp%2Fv2%2Fcomments&post=839"}],"version-history":[{"count":11,"href":"https:\/\/edgarvidaurre.org\/index.php?rest_route=\/wp\/v2\/pages\/839\/revisions"}],"predecessor-version":[{"id":1430,"href":"https:\/\/edgarvidaurre.org\/index.php?rest_route=\/wp\/v2\/pages\/839\/revisions\/1430"}],"up":[{"embeddable":true,"href":"https:\/\/edgarvidaurre.org\/index.php?rest_route=\/wp\/v2\/pages\/5"}],"wp:attachment":[{"href":"https:\/\/edgarvidaurre.org\/index.php?rest_route=%2Fwp%2Fv2%2Fmedia&parent=839"}],"curies":[{"name":"wp","href":"https:\/\/api.w.org\/{rel}","templated":true}]}}