{"id":793,"date":"2014-04-04T01:19:52","date_gmt":"2014-04-04T01:19:52","guid":{"rendered":"http:\/\/www.edgarvidaurre.org\/?page_id=793"},"modified":"2018-02-24T00:32:20","modified_gmt":"2018-02-24T00:32:20","slug":"el-muro-de-proteccion-antifascista-y-la-casa-del-terror","status":"publish","type":"page","link":"https:\/\/edgarvidaurre.org\/?page_id=793","title":{"rendered":"El Muro de Protecci\u00f3n Antifascista y la casa del terror"},"content":{"rendered":"\n<div class=\"twitter-share\"><a href=\"https:\/\/twitter.com\/intent\/tweet?via=evidaurre\" class=\"twitter-share-button\" data-size=\"large\">Tweet<\/a><\/div>\n<p><iframe loading=\"lazy\" src=\"\/\/www.youtube.com\/embed\/MT3JTz-ViPo\" width=\"420\" height=\"315\" frameborder=\"0\" allowfullscreen=\"allowfullscreen\">&amp;amp;amp;lt;span data-mce-type=&#8221;bookmark&#8221; style=&#8221;display: inline-block; width: 0px; overflow: hidden; line-height: 0;&#8221; class=&#8221;mce_SELRES_start&#8221;&amp;amp;amp;gt;\ufeff&amp;amp;amp;lt;\/span&amp;amp;amp;gt;<\/iframe><\/p>\n<p style=\"text-align: justify;\">El muro de Berl\u00edn, bautizado oficialmente como \u201cMuro de Protecci\u00f3n Antifascista\u201d por la Rep\u00fablica socialista Democr\u00e1tica Alemana o RDA, fue erigido el 13 de agosto de 1961.<\/p>\n<p style=\"text-align: justify;\">El muro como met\u00e1fora en ladrillo del intento de dividir y fragmentar a los hombres en su esencia, funcion\u00f3 durante 28 a\u00f1os de resistencia agotadora, de labor primero clandestina y luego a la luz del di\u00e1logo y de la determinaci\u00f3n de los valores humanos y sobre todo espirituales de los hombres y los l\u00edderes de ese momento, cuando el 9 de noviembre de 1989 (hace apenas 24 a\u00f1os) se anunci\u00f3 su fin. Digo met\u00e1fora de ladrillo, porque en realidad lo que estaba dividiendo ese muro era el alma y el pensamiento de un mismo pueblo, que por circunstancias de la violencia y de la guerra vivieron la represi\u00f3n y el aislamiento en su m\u00e1xima expresi\u00f3n. Aquel que cruzara ese muro, simplemente mor\u00eda asesinado por el ej\u00e9rcito que serv\u00eda al r\u00e9gimen totalitario que reg\u00eda y se apoder\u00f3 de las vidas y de los destinos de ese pueblo desamparado.<\/p>\n<p style=\"text-align: justify;\">En mis viajes por Praga y Budapest en los a\u00f1os 2006 \u2013 2007, ya derrumbada la \u201ccortina de hierro\u201d, pude visitar los llamados museos de la represi\u00f3n y de la muerte que en la Europa Oriental de hoy d\u00eda han llamado \u201cCasas del terror\u201d. No voy a hacer aqu\u00ed un inventario de las cosas, los s\u00edmbolos y las historias que se han catalogado con esmero en esos espacios. Quiero resaltar el motivo que han tenido esas sociedades para ello, pues no solo vi en las visitas a esos museos, gente mayor que vivieron de manera directa los horrores de la guerra, de la represi\u00f3n y el acoso de un gobierno militar-totalitario, sino que pude observar a una juventud plural y mezclada que por sus propios medios asist\u00eda y recorr\u00eda el lugar. Por curiosidad, me acerqu\u00e9 a una muchacha h\u00fangara para preguntarle (en ingl\u00e9s) el motivo de su visita, del por qu\u00e9 los h\u00fangaros j\u00f3venes iban a recordar ese pasado tan abominable, y ella me respondi\u00f3 sin dudar un instante: \u201ces un espacio que hemos construido para que nunca se nos olvide lo que es no vivir en libertad, y lo que es vivir en terror\u201d<\/p>\n<p style=\"text-align: justify;\">Hoy en d\u00eda, creo y tengo la certeza cada vez m\u00e1s fuerte, que las sociedades avanzan (aunque ese avance signifique retroceder a veces para aprender de los errores) de manera indetenible hacia valores supremos de la humanidad. Creo en la espiritualidad del alma humana, en su capacidad de descubrir siempre el camino de su evoluci\u00f3n, aunque a veces solo nos ilumine una vela en el medio de la noche. No son los gobiernos (no deber\u00edan llamarse as\u00ed) si no la sociedad en cada uno de sus componentes quien debe crear esa conciencia colectiva que permita la convivencia arm\u00f3nica de los hombres entre s\u00ed. La funci\u00f3n de los gobiernos es precisamente esa: la de armonizar y mantener viva y vibrante a la sociedad en cada uno de sus aspectos, a trav\u00e9s de esas premisas m\u00ednimas que hemos aprendido a trav\u00e9s de la historia y que hemos venido llamando desde los Griegos \u201cDemocracia\u201d.<\/p>\n<p style=\"text-align: justify;\">En estos d\u00edas, as\u00ed como la juventud de la Europa Oriental ha recobrado su pureza perdida, nuestra juventud y en concreto los estudiantes, est\u00e1n dando la evidencia de todo lo que he expresado a trav\u00e9s de mi fe en la humanidad. Esta vez son los j\u00f3venes venezolanos. Ojal\u00e1 nunca tengamos que hacer museos de la memoria, en donde tengan que ir para no olvidarse de la libertad como valor supremo de la vida o de la pesadilla que el hombre puede crearse a s\u00ed mismo a trav\u00e9s del terror. Qu\u00e9 Dios bendiga a esos muchachos.<\/p>\n","protected":false},"excerpt":{"rendered":"<p>&amp;amp;amp;lt;span data-mce-type=&#8221;bookmark&#8221; style=&#8221;display: inline-block; width: 0px; overflow: hidden; line-height: 0;&#8221; class=&#8221;mce_SELRES_start&#8221;&amp;amp;amp;gt;\ufeff&amp;amp;amp;lt;\/span&amp;amp;amp;gt; El muro de Berl\u00edn, bautizado oficialmente como \u201cMuro de Protecci\u00f3n Antifascista\u201d por la Rep\u00fablica socialista Democr\u00e1tica Alemana o RDA, fue erigido el 13 de agosto de 1961. El muro como met\u00e1fora en ladrillo del intento de dividir y fragmentar a los hombres en su&#8230;<\/p>\n","protected":false},"author":2,"featured_media":0,"parent":5,"menu_order":0,"comment_status":"closed","ping_status":"closed","template":"","meta":{"ngg_post_thumbnail":0,"jetpack_post_was_ever_published":false},"jetpack_sharing_enabled":true,"jetpack_shortlink":"https:\/\/wp.me\/P9ptYK-cN","_links":{"self":[{"href":"https:\/\/edgarvidaurre.org\/index.php?rest_route=\/wp\/v2\/pages\/793"}],"collection":[{"href":"https:\/\/edgarvidaurre.org\/index.php?rest_route=\/wp\/v2\/pages"}],"about":[{"href":"https:\/\/edgarvidaurre.org\/index.php?rest_route=\/wp\/v2\/types\/page"}],"author":[{"embeddable":true,"href":"https:\/\/edgarvidaurre.org\/index.php?rest_route=\/wp\/v2\/users\/2"}],"replies":[{"embeddable":true,"href":"https:\/\/edgarvidaurre.org\/index.php?rest_route=%2Fwp%2Fv2%2Fcomments&post=793"}],"version-history":[{"count":7,"href":"https:\/\/edgarvidaurre.org\/index.php?rest_route=\/wp\/v2\/pages\/793\/revisions"}],"predecessor-version":[{"id":1416,"href":"https:\/\/edgarvidaurre.org\/index.php?rest_route=\/wp\/v2\/pages\/793\/revisions\/1416"}],"up":[{"embeddable":true,"href":"https:\/\/edgarvidaurre.org\/index.php?rest_route=\/wp\/v2\/pages\/5"}],"wp:attachment":[{"href":"https:\/\/edgarvidaurre.org\/index.php?rest_route=%2Fwp%2Fv2%2Fmedia&parent=793"}],"curies":[{"name":"wp","href":"https:\/\/api.w.org\/{rel}","templated":true}]}}