{"id":755,"date":"2014-03-18T03:44:41","date_gmt":"2014-03-18T03:44:41","guid":{"rendered":"http:\/\/www.edgarvidaurre.org\/?page_id=755"},"modified":"2018-02-24T00:33:34","modified_gmt":"2018-02-24T00:33:34","slug":"el-obelisco-de-la-plaza-francia","status":"publish","type":"page","link":"https:\/\/edgarvidaurre.org\/?page_id=755","title":{"rendered":"El Obelisco de la Plaza Francia"},"content":{"rendered":"\n<div class=\"twitter-share\"><a href=\"https:\/\/twitter.com\/intent\/tweet?via=evidaurre\" class=\"twitter-share-button\" data-size=\"large\">Tweet<\/a><\/div>\n<p><iframe loading=\"lazy\" src=\"\/\/www.youtube.com\/embed\/FucCo2ZO77Y\" width=\"640\" height=\"360\" frameborder=\"0\" allowfullscreen=\"allowfullscreen\"><\/iframe><\/p>\n<p style=\"text-align: justify;\">&#8211;<\/p>\n<p style=\"text-align: justify;\">Esta tarde, mirando fotos y comentarios en las redes sociales, me encontr\u00e9 en Facebook con una frase de la bella periodista venezolana Faitha Nahmens expresando su emoci\u00f3n por la multitud que plen\u00f3 la Plaza Francia (despu\u00e9s de haber sido ordenada su militarizaci\u00f3n y proclamada su \u201ctoma y liberaci\u00f3n\u201d por parte del Poder del Estado): <b><i>\u201c\u2026Altamira, el punto de encuentro en la br\u00fajula de la libertad&#8230;<\/i><\/b><b><i>\u201d<\/i><\/b><\/p>\n<p style=\"text-align: justify;\">No s\u00e9 qu\u00e9 pas\u00f3 por mi alma a trav\u00e9s de esos mecanismos de precepci\u00f3n de lo invisible, pero confieso que me sent\u00ed atravesado, traspasado literalmente. La palabra <em><strong>br\u00fajula<\/strong><\/em> cobr\u00f3 un sentido que me impulsaba a buscar m\u00e1s, como esos marineros en medio del oc\u00e9ano o esos caminantes del desierto que dependen de una aguja imantada para encontrar el norte\u2026para no seguir perdidos, para llegar.<\/p>\n<p style=\"text-align: justify;\">Sin dudarlo me fui s\u00f3lo a la plaza Francia de Altamira para buscar la respuesta, para buscar que era lo que se me estaba revelando. Al llegar encontr\u00e9 mucha gente. No solo a los vecinos de Chacao. Ah\u00ed hab\u00eda gente de toda Caracas y de todas las clases sociales posibles. Sin embargo, el n\u00facleo energ\u00e9tico que se estaba conformando alrededor de la plaza no era m\u00faltiple o plural\u2026era realmente monol\u00edtico. La plaza empezaba a iluminarse y los efectivos de la Guardia Nacional se estaban terminando de retirar hacia las partes bajas cercanas a la autopista. Para mi es imposible describir la energ\u00eda poderosa que sent\u00ed en ese momento. Lo que estaba ocurriendo no era normal. Era absolutamente para-normal y estaba m\u00e1s all\u00e1 de la pol\u00edtica, de lo social, incluso de lo individual. Tal vez lo m\u00e1s parecido a esa manifestaci\u00f3n natural, intensa, c\u00f3smica por as\u00ed decirlo y verdadera de la energ\u00eda nucleada de esa manera, era la luz del atardecer y la inexorable rotaci\u00f3n de la tierra.<\/p>\n<p style=\"text-align: justify;\">Muy conmovido, apenas pude sentarme en un banco del borde izquierdo de la plaza y fue all\u00ed donde pude entender, lo indescifrable, indescriptible. Cr\u00f3nica an\u00edmica que culmina en una corriente de energ\u00eda pura, girando encarnada por seres humanos alrededor del Obelisco iluminado de la Plaza Francia.<\/p>\n<p style=\"text-align: justify;\">Y he aqu\u00ed la respuesta y la revelaci\u00f3n: <b><i>El Obelisco<\/i><\/b> <b><i>de la Plaza Francia de Altamira<\/i><\/b>. Ya hac\u00eda unos a\u00f1os que en una charla sobre los s\u00edmbolos en el Centro de Estudios Junguianos de Caracas, hab\u00eda compartido con mi amiga, la poeta Astrid Lander y sus alumnos de literatura, la simbolog\u00eda de los obeliscos. Llamados as\u00ed de manera ir\u00f3nica por los griegos (\u1f40\u03b2\u03b5\u03bb\u03af\u03c3\u03ba\u03bf\u03c2)<i> <\/i>y traducido al espa\u00f1ol como aguja o sarta que atraviesa. Pero lo griegos, a\u00fan en su aspecto pragm\u00e1tico, siempre aciertan. Sin saber su verdadero significado, se asombraron de estos monumentos egipcios, cuyo misterio est\u00e1 envuelto en secretos m\u00e1s hondos e inmemoriables que el de las propias pir\u00e1mides. S\u00edmbolo solar, de energ\u00eda, eran en efecto la se\u00f1alizaci\u00f3n de puntos geogr\u00e1ficos de intensa fuerza electro-magn\u00e9tica, que en definitiva y seg\u00fan los f\u00edsicos cu\u00e1nticos y los astrof\u00edsicos rige de manera primordial todo el universo.<\/p>\n<p style=\"text-align: justify;\">Desde el primero de ellos conocido, el del Fara\u00f3n Userkaf (2.500 AC) los obeliscos han sido y son monumentos sagrados. Tan sagrados que en el mundo hay apenas unos pocos, y los que se han erigido, se han mantenido dentro de esos c\u00e1nones sagrados. Aunque en el Cairo y en Luxor todav\u00eda est\u00e1n algunos Obeliscos, los originales de las dinast\u00edas fara\u00f3nicas, fueron trasladados a ciudades europeas emblem\u00e1ticas y con puntos de magnetismo evidente como el Obelisco del Fara\u00f3n Tutmosis II que est\u00e1 en Londres sobre las aguas del r\u00edo T\u00e1mesis, el del Fara\u00f3n Ramses II en la Plaza de la Concordia de Par\u00eds, el del Fara\u00f3n Tutmosis III en el Central Park de New York, y el extraordinario Obelisco de Estambul, que llevara el emperador Constantino para erigirlo en el centro magn\u00e9tico del nuevo imperio romano. Pero para m\u00ed y el m\u00e1s emblem\u00e1tico de todos (el de un fara\u00f3n desconocido de la V dinast\u00eda) fue el llevado por el emperador Augusto desde Alejandr\u00eda a Roma y finalmente erigido en el mismo centro y coraz\u00f3n de la cristiandad por el Papa Sixto V en la propia plaza de la ciudad del Vaticano, donde se re\u00fanen cientos de miles de fieles de todas la religiones a su alrededor en las horas santas o sagradas.<\/p>\n<p style=\"text-align: justify;\">En Am\u00e9rica y de construcci\u00f3n moderna, destacan el de la ciudad de Washington, el de la Plaza de Mayo de Buenos Aires Argentina, el de M\u00e9xico en honor a Bol\u00edvar, el de Lima Per\u00fa, el de Santo Domingo y el del Santiago de Chile. Es sin embargo en Venezuela donde nos encontramos con una trilog\u00eda de Obeliscos. El de la ciudad de Barquisimeto, el de la Plaza 5 de julio en Maracaibo y el de la Plaza Francia de Altamira en Caracas. Este \u00faltimo imaginado, concebido y construido bajo la tutela del Arquitecto Luis Roche, guardando de manera rigurosa, la proporci\u00f3n num\u00e9rica en la correspondencia num\u00e9rica-sagrada. Junto al Dr. Roche estuvieron el arquitecto Arthur Kahn nacido en Estambul, llam\u00e1ndose a los constructores del t\u00fanel de R\u00edo Hudson para poder erigirlo. El gobierno franc\u00e9s de la \u00e9poca por convenio con el gobierno venezolano lo inauguraron junto con la plaza que a partir de ese momento se llam\u00f3 Plaza Francia.<\/p>\n<p style=\"text-align: justify;\">Siempre me pregunt\u00e9 desde el a\u00f1o 2003 y ya dentro de este proceso (que para m\u00ed ya no es meramente pol\u00edtico ni social) de la humanidad entera y cuya replica en Venezuela se enerv\u00f3 de manera evidente: qu\u00e9 tiene la Plaza Francia de Altamira? Cu\u00e1l es su fuerza que convoca a parte de un pueblo a resistir de manera persistente en ese lugar? Por qu\u00e9 adem\u00e1s los factores del Poder tambi\u00e9n sucumben a su energ\u00eda y la ponen como punto de honor? Qu\u00e9 pasa y por qu\u00e9 esta plaza est\u00e1 tan marcada y a su vez nos marca tanto?<\/p>\n<p style=\"text-align: justify;\">Hoy, en medio de la \u00faltima rotaci\u00f3n del d\u00eda en este punto geogr\u00e1fico del planeta, en medio de este atardecer mezclado con el ruido de las aguas, y desde la base en la tierra hacia la punta piramidal y fant\u00e1stica de su estructura, tuve de manera contundente la respuesta. Una respuesta en forma de energ\u00eda irreprimible, pura, original, tel\u00farica, y sobro todo en plena manifestaci\u00f3n. Ese Obelisco, como una aguja-im\u00e1n de la br\u00fajula liberadora de energ\u00eda (como presinti\u00f3 y denomin\u00f3 la bella Faitha), me marc\u00f3 para toda la vida, atraves\u00e1ndome de manera lineal, revel\u00e1ndome que el poder de los gobernantes es una ilusi\u00f3n, un artificio. Que los ciclos van y vienen y que la humanidad no se encuentra como pensamos sujeta y determinada al poder de los hombres sobre los hombres, sino regida por las fuerzas invisibles que desde siempre nos han dado la vida y la conciencia universal.<\/p>\n","protected":false},"excerpt":{"rendered":"<p>&#8211; Esta tarde, mirando fotos y comentarios en las redes sociales, me encontr\u00e9 en Facebook con una frase de la bella periodista venezolana Faitha Nahmens expresando su emoci\u00f3n por la multitud que plen\u00f3 la Plaza Francia (despu\u00e9s de haber sido ordenada su militarizaci\u00f3n y proclamada su \u201ctoma y liberaci\u00f3n\u201d por parte del Poder del Estado):&#8230;<\/p>\n","protected":false},"author":2,"featured_media":0,"parent":5,"menu_order":0,"comment_status":"closed","ping_status":"closed","template":"","meta":{"ngg_post_thumbnail":0,"jetpack_post_was_ever_published":false},"jetpack_sharing_enabled":true,"jetpack_shortlink":"https:\/\/wp.me\/P9ptYK-cb","_links":{"self":[{"href":"https:\/\/edgarvidaurre.org\/index.php?rest_route=\/wp\/v2\/pages\/755"}],"collection":[{"href":"https:\/\/edgarvidaurre.org\/index.php?rest_route=\/wp\/v2\/pages"}],"about":[{"href":"https:\/\/edgarvidaurre.org\/index.php?rest_route=\/wp\/v2\/types\/page"}],"author":[{"embeddable":true,"href":"https:\/\/edgarvidaurre.org\/index.php?rest_route=\/wp\/v2\/users\/2"}],"replies":[{"embeddable":true,"href":"https:\/\/edgarvidaurre.org\/index.php?rest_route=%2Fwp%2Fv2%2Fcomments&post=755"}],"version-history":[{"count":36,"href":"https:\/\/edgarvidaurre.org\/index.php?rest_route=\/wp\/v2\/pages\/755\/revisions"}],"predecessor-version":[{"id":1417,"href":"https:\/\/edgarvidaurre.org\/index.php?rest_route=\/wp\/v2\/pages\/755\/revisions\/1417"}],"up":[{"embeddable":true,"href":"https:\/\/edgarvidaurre.org\/index.php?rest_route=\/wp\/v2\/pages\/5"}],"wp:attachment":[{"href":"https:\/\/edgarvidaurre.org\/index.php?rest_route=%2Fwp%2Fv2%2Fmedia&parent=755"}],"curies":[{"name":"wp","href":"https:\/\/api.w.org\/{rel}","templated":true}]}}