{"id":738,"date":"2013-12-26T12:51:38","date_gmt":"2013-12-26T12:51:38","guid":{"rendered":"http:\/\/www.edgarvidaurre.org\/?page_id=738"},"modified":"2018-02-24T00:49:26","modified_gmt":"2018-02-24T00:49:26","slug":"luz-y-sombra","status":"publish","type":"page","link":"https:\/\/edgarvidaurre.org\/?page_id=738","title":{"rendered":"Luz y sombra"},"content":{"rendered":"\n<div class=\"twitter-share\"><a href=\"https:\/\/twitter.com\/intent\/tweet?via=evidaurre\" class=\"twitter-share-button\" data-size=\"large\">Tweet<\/a><\/div>\n<table cellpadding=\"2\">\n<tbody>\n<tr>\n<td style=\"border-bottom: 0px solid #fff;\"><a href=\"https:\/\/500px.com\/photo\/48577496\"><br \/>\n<img decoding=\"async\" loading=\"lazy\" style=\"margin: 0 0 5px 0;\" src=\"https:\/\/ppcdn.500px.org\/48577496\/2a0bb4e2143ecd114b6ce543b3724b0155cb9d8a\/3.jpg\" alt=\"Luz y sombra by Sara Petrizzo on 500px.com\" width=\"280\" height=\"280\" border=\"0\"><br \/>\n<\/a><span style=\"font-size: 120%;\"><br \/>\n<a href=\"https:\/\/500px.com\/photo\/48577496\">Luz y sombra<\/a> by <a href=\"https:\/\/500px.com\/sarapetrizzo6\"><br \/>\nSara Petrizzo<br \/>\n<\/a><br \/>\n<\/span><\/td>\n<\/tr>\n<\/tbody>\n<\/table>\n<p style=\"text-align: justify;\">Sara titula esta fotograf\u00eda \u201cLuz y sombra\u201d. Este bautismo lo hace tomando lo esencial, lo singular. No son luces y sombras,&nbsp; es <i>luz y sombra<\/i>.&nbsp; Sin embargo la mirada queda fija en la orilla, en el punto de uni\u00f3n donde los elementos que componen la imagen confluyen y desde donde se alejan al mismo tiempo. La alternancia entonces deja de ser alternancia para convertirse en un solo evento din\u00e1mico, en la imagen, que aun fijando el instante, deja abierta a la mirada ese fluir, esa ondulaci\u00f3n que por un mecanismo de ilusi\u00f3n, parece que fuera est\u00e1tico e inamovible. Eso en esencia es la imagen. Jung, en el Libro Rojo (<i>el asesinato del h\u00e9roe<\/i>), dice que \u201cEl d\u00eda no es por s\u00ed mismo, la noche no es por s\u00ed misma. Lo real, que es por s\u00ed mismo, es el d\u00eda y la noche. Por lo tanto, lo real es sentido y contrasentido\u201d. Yo le agregar\u00eda que lo real es ese todo, y es curioso porque en la fotograf\u00eda confluyen no solo la luz y la sombra, sino el agua y la tierra, lo l\u00edquido y lo seco constituyendo una realidad por s\u00ed misma. Sara, captur\u00f3 esta imagen para la mirada y darle as\u00ed permanencia\u2026ahora cuando yo la contemplo, siento que algo muy interno de mi psique la da sentido al contrasentido de lo que ven mis ojos, algo inexplicable se ha sido reconstituido en esa imagen, en ese confluir\u2026 justo en el punto de donde se proyecta la luz y la sombra en un solo evento fluido y&nbsp; permanente al mismo tiempo, movible y eterno.<\/p>\n<p style=\"text-align: justify;\">(fuente: 500px.com)<\/p>\n","protected":false},"excerpt":{"rendered":"<p>Luz y sombra by Sara Petrizzo Sara titula esta fotograf\u00eda \u201cLuz y sombra\u201d. Este bautismo lo hace tomando lo esencial, lo singular. No son luces y sombras,&nbsp; es luz y sombra.&nbsp; Sin embargo la mirada queda fija en la orilla, en el punto de uni\u00f3n donde los elementos que componen la imagen confluyen y desde&#8230;<\/p>\n","protected":false},"author":2,"featured_media":0,"parent":5,"menu_order":0,"comment_status":"closed","ping_status":"closed","template":"","meta":{"ngg_post_thumbnail":0,"jetpack_post_was_ever_published":false},"jetpack_sharing_enabled":true,"jetpack_shortlink":"https:\/\/wp.me\/P9ptYK-bU","_links":{"self":[{"href":"https:\/\/edgarvidaurre.org\/index.php?rest_route=\/wp\/v2\/pages\/738"}],"collection":[{"href":"https:\/\/edgarvidaurre.org\/index.php?rest_route=\/wp\/v2\/pages"}],"about":[{"href":"https:\/\/edgarvidaurre.org\/index.php?rest_route=\/wp\/v2\/types\/page"}],"author":[{"embeddable":true,"href":"https:\/\/edgarvidaurre.org\/index.php?rest_route=\/wp\/v2\/users\/2"}],"replies":[{"embeddable":true,"href":"https:\/\/edgarvidaurre.org\/index.php?rest_route=%2Fwp%2Fv2%2Fcomments&post=738"}],"version-history":[{"count":11,"href":"https:\/\/edgarvidaurre.org\/index.php?rest_route=\/wp\/v2\/pages\/738\/revisions"}],"predecessor-version":[{"id":1429,"href":"https:\/\/edgarvidaurre.org\/index.php?rest_route=\/wp\/v2\/pages\/738\/revisions\/1429"}],"up":[{"embeddable":true,"href":"https:\/\/edgarvidaurre.org\/index.php?rest_route=\/wp\/v2\/pages\/5"}],"wp:attachment":[{"href":"https:\/\/edgarvidaurre.org\/index.php?rest_route=%2Fwp%2Fv2%2Fmedia&parent=738"}],"curies":[{"name":"wp","href":"https:\/\/api.w.org\/{rel}","templated":true}]}}