{"id":728,"date":"2013-12-26T02:54:06","date_gmt":"2013-12-26T02:54:06","guid":{"rendered":"http:\/\/www.edgarvidaurre.org\/?page_id=728"},"modified":"2018-02-24T00:40:20","modified_gmt":"2018-02-24T00:40:20","slug":"la-luna-es-una-mujer","status":"publish","type":"page","link":"https:\/\/edgarvidaurre.org\/?page_id=728","title":{"rendered":"La luna es una mujer"},"content":{"rendered":"\n<div class=\"twitter-share\"><a href=\"https:\/\/twitter.com\/intent\/tweet?via=evidaurre\" class=\"twitter-share-button\" data-size=\"large\">Tweet<\/a><\/div>\n<p style=\"text-align: justify;\"><a href=\"https:\/\/www.edgarvidaurre.org\/wp-content\/uploads\/2013\/12\/mujer-luna_esta.jpg\"><img decoding=\"async\" loading=\"lazy\" class=\"aligncenter size-full wp-image-729\" src=\"https:\/\/www.edgarvidaurre.org\/wp-content\/uploads\/2013\/12\/mujer-luna_esta.jpg\" alt=\"mujer-luna_esta\" width=\"400\" height=\"300\" srcset=\"https:\/\/edgarvidaurre.org\/wp-content\/uploads\/2013\/12\/mujer-luna_esta.jpg 400w, https:\/\/edgarvidaurre.org\/wp-content\/uploads\/2013\/12\/mujer-luna_esta-300x225.jpg 300w\" sizes=\"(max-width: 400px) 100vw, 400px\" \/><\/a><\/p>\n<p style=\"text-align: justify;\">La Luna es una mujer. Y como ella, la rotaci\u00f3n de su esencial coraz\u00f3n es provocada por una fuerza misteriosa; el mismo misterio que provoca la transformaci\u00f3n de las aguas. M\u00e1s sin embargo, la respuesta ha estado siempre al alcance de la mirada de manera c\u00edclica y constante con la llegada de cada noche: <em>un brillo que te llama y te determina desde la oscuridad<\/em>. Esa hendidura h\u00fameda y pulsante que se va abriendo y cerrando en cambios incesantes, hasta provocar por un instante apasionado, la circularidad, lo circular, lo curvo, lo continente:<em><strong> la unidad<\/strong><\/em>. A lo largo de mis noches, siempre ha persistido su presencia, aunque sea so\u00f1ada. Ella ha sido fiel a trav\u00e9s de todas mis ventanas, as\u00ed est\u00e9 plena o casi vac\u00eda y oscura. A solas con su imagen, la miro largamente y es verdad\u2026 ella ha estado all\u00ed toda mi vida:<em> \u00edntima y al mismo tiempo c\u00f3smica<\/em>. Al igual que la Luna, ella rota ante ti, para que tu mirada abarque lo visible y lo invisible. Ella aparece y desaparece. Solo su paso transido por el horizonte te har\u00e1 ver con los ojos abiertos para entender con los ojos cerrados y convertirse as\u00ed en la evidencia del universo entero. Ella no solo es tu destino, pues aunque provoca y determina los per\u00edodos de tu vida, es tambi\u00e9n la que los unifica d\u00e1ndole sentido. Cuando eres amado por una mujer, sabes lo que significa la pleamar: esa relaci\u00f3n entre tu alma y las mareas, pero sobre todo te ser\u00e1 revelado el secreto, cuando te alcance su lluvia, esa lluvia que al caer reverdece los prados de la soledad, los labios y la mirada. Ahora que los ciclos de mi vida est\u00e1n regidos por el amor de una mujer, comprendo el sentido de la lluvia cuando cae y me dejo empapar completamente por ella. Me dejo hacer lo que solo ella puede hacer en la oscuridad luminosa de sus ritmos, y regalarle en correspondencia amorosa con la llegada del alba, mis miradas y mis brazos, pero sobre todo y de manera inevitable, ingentes cantidades de ese roc\u00edo fecundante que aflora por mi cuerpo desde las vertientes del alma.<\/p>\n","protected":false},"excerpt":{"rendered":"<p>La Luna es una mujer. Y como ella, la rotaci\u00f3n de su esencial coraz\u00f3n es provocada por una fuerza misteriosa; el mismo misterio que provoca la transformaci\u00f3n de las aguas. M\u00e1s sin embargo, la respuesta ha estado siempre al alcance de la mirada de manera c\u00edclica y constante con la llegada de cada noche: un&#8230;<\/p>\n","protected":false},"author":2,"featured_media":0,"parent":5,"menu_order":0,"comment_status":"closed","ping_status":"closed","template":"","meta":{"ngg_post_thumbnail":0,"jetpack_post_was_ever_published":false},"jetpack_sharing_enabled":true,"jetpack_shortlink":"https:\/\/wp.me\/P9ptYK-bK","_links":{"self":[{"href":"https:\/\/edgarvidaurre.org\/index.php?rest_route=\/wp\/v2\/pages\/728"}],"collection":[{"href":"https:\/\/edgarvidaurre.org\/index.php?rest_route=\/wp\/v2\/pages"}],"about":[{"href":"https:\/\/edgarvidaurre.org\/index.php?rest_route=\/wp\/v2\/types\/page"}],"author":[{"embeddable":true,"href":"https:\/\/edgarvidaurre.org\/index.php?rest_route=\/wp\/v2\/users\/2"}],"replies":[{"embeddable":true,"href":"https:\/\/edgarvidaurre.org\/index.php?rest_route=%2Fwp%2Fv2%2Fcomments&post=728"}],"version-history":[{"count":11,"href":"https:\/\/edgarvidaurre.org\/index.php?rest_route=\/wp\/v2\/pages\/728\/revisions"}],"predecessor-version":[{"id":1422,"href":"https:\/\/edgarvidaurre.org\/index.php?rest_route=\/wp\/v2\/pages\/728\/revisions\/1422"}],"up":[{"embeddable":true,"href":"https:\/\/edgarvidaurre.org\/index.php?rest_route=\/wp\/v2\/pages\/5"}],"wp:attachment":[{"href":"https:\/\/edgarvidaurre.org\/index.php?rest_route=%2Fwp%2Fv2%2Fmedia&parent=728"}],"curies":[{"name":"wp","href":"https:\/\/api.w.org\/{rel}","templated":true}]}}