{"id":7,"date":"2011-05-06T00:41:08","date_gmt":"2011-05-06T00:41:08","guid":{"rendered":"http:\/\/www.edgarvidaurre.org\/?page_id=7"},"modified":"2019-08-16T00:27:07","modified_gmt":"2019-08-16T00:27:07","slug":"poesia","status":"publish","type":"page","link":"https:\/\/edgarvidaurre.org\/?page_id=7","title":{"rendered":"Poes\u00eda"},"content":{"rendered":"\n<div class=\"twitter-share\"><a href=\"https:\/\/twitter.com\/intent\/tweet?via=evidaurre\" class=\"twitter-share-button\" data-size=\"large\">Tweet<\/a><\/div>\n<p>&nbsp;<\/p>\n<p>&nbsp;<\/p>\n<p><p style=\"text-align:center;\">\n              <iframe width=\"603px\" height=\"447px\" marginwidth=\"0\" marginheight=\"0\" scrolling=\"no\" frameborder=\"0\" name=\"smooth_frame_3286388\" src=\"https:\/\/edgarvidaurre.org\/wp-content\/plugins\/nextgen-smooth-gallery\/nggSmoothFrame.php?galleryID=3&width=600&height=444&timed=1&showArrows=&showCarousel=&embedLinks=&delay=7000&defaultTransition=fade&showInfopane=&textShowCarousel=Pictures&showCarouselOpen=1&margin=&align=\"><\/iframe>\n            <\/p><\/p>\n<p>&nbsp;<\/p>\n<p><a href=\"https:\/\/www.edgarvidaurre.org\/wp-content\/uploads\/2011\/05\/pluma1.jpg\"><img decoding=\"async\" loading=\"lazy\" class=\"aligncenter size-thumbnail wp-image-483\" src=\"https:\/\/www.edgarvidaurre.org\/wp-content\/uploads\/2011\/05\/pluma1-150x150.jpg\" alt=\"pluma1\" width=\"150\" height=\"150\"><\/a><\/p>\n<p>&nbsp;<\/p>\n<p><strong><em>La resurreci\u00f3n de los frutos&nbsp; &nbsp;<\/em><\/strong><\/p>\n<p><strong><em>La fugitiva &nbsp;<\/em><\/strong><\/p>\n<p><strong><em>La s\u00e9ptima rosa &nbsp;<\/em><\/strong><\/p>\n<p><strong><em>El lugar m\u00e1s sosegado de la tierra<\/em><\/strong><\/p>\n<p><strong><em>Panay\u00eda<\/em><\/strong><\/p>\n<p><strong><em>El lamento de Ariadna<br \/>\n<\/em><\/strong><\/p>\n<p><em><strong>Al este de la melancol\u00eda<\/strong><\/em><\/p>\n<p><em><strong>La ciudad de Awan<\/strong><\/em><\/p>\n<p><a href=\"https:\/\/www.edgarvidaurre.org\/wp-content\/uploads\/2011\/05\/rosa-poetica.png\"><img decoding=\"async\" loading=\"lazy\" class=\"aligncenter size-full wp-image-592\" src=\"https:\/\/www.edgarvidaurre.org\/wp-content\/uploads\/2011\/05\/rosa-poetica.png\" alt=\"rosa poetica\" width=\"700\" height=\"596\" srcset=\"https:\/\/edgarvidaurre.org\/wp-content\/uploads\/2011\/05\/rosa-poetica.png 700w, https:\/\/edgarvidaurre.org\/wp-content\/uploads\/2011\/05\/rosa-poetica-300x255.png 300w\" sizes=\"(max-width: 700px) 100vw, 700px\" \/><\/a><\/p>\n","protected":false},"excerpt":{"rendered":"<p>&nbsp; &nbsp; &nbsp; &nbsp; La resurreci\u00f3n de los frutos&nbsp; &nbsp; La fugitiva &nbsp; La s\u00e9ptima rosa &nbsp; El lugar m\u00e1s sosegado de la tierra Panay\u00eda El lamento de Ariadna Al este de la melancol\u00eda La ciudad de Awan<\/p>\n","protected":false},"author":2,"featured_media":0,"parent":0,"menu_order":0,"comment_status":"closed","ping_status":"closed","template":"","meta":{"ngg_post_thumbnail":0,"jetpack_post_was_ever_published":false},"jetpack_sharing_enabled":true,"jetpack_shortlink":"https:\/\/wp.me\/P9ptYK-7","_links":{"self":[{"href":"https:\/\/edgarvidaurre.org\/index.php?rest_route=\/wp\/v2\/pages\/7"}],"collection":[{"href":"https:\/\/edgarvidaurre.org\/index.php?rest_route=\/wp\/v2\/pages"}],"about":[{"href":"https:\/\/edgarvidaurre.org\/index.php?rest_route=\/wp\/v2\/types\/page"}],"author":[{"embeddable":true,"href":"https:\/\/edgarvidaurre.org\/index.php?rest_route=\/wp\/v2\/users\/2"}],"replies":[{"embeddable":true,"href":"https:\/\/edgarvidaurre.org\/index.php?rest_route=%2Fwp%2Fv2%2Fcomments&post=7"}],"version-history":[{"count":40,"href":"https:\/\/edgarvidaurre.org\/index.php?rest_route=\/wp\/v2\/pages\/7\/revisions"}],"predecessor-version":[{"id":1594,"href":"https:\/\/edgarvidaurre.org\/index.php?rest_route=\/wp\/v2\/pages\/7\/revisions\/1594"}],"wp:attachment":[{"href":"https:\/\/edgarvidaurre.org\/index.php?rest_route=%2Fwp%2Fv2%2Fmedia&parent=7"}],"curies":[{"name":"wp","href":"https:\/\/api.w.org\/{rel}","templated":true}]}}