{"id":674,"date":"2013-11-09T15:08:42","date_gmt":"2013-11-09T15:08:42","guid":{"rendered":"http:\/\/www.edgarvidaurre.org\/?page_id=674"},"modified":"2018-02-24T00:53:26","modified_gmt":"2018-02-24T00:53:26","slug":"una-mujer-desnuda","status":"publish","type":"page","link":"https:\/\/edgarvidaurre.org\/?page_id=674","title":{"rendered":"una mujer desnuda"},"content":{"rendered":"\n<div class=\"twitter-share\"><a href=\"https:\/\/twitter.com\/intent\/tweet?via=evidaurre\" class=\"twitter-share-button\" data-size=\"large\">Tweet<\/a><\/div>\n<p><img decoding=\"async\" loading=\"lazy\" class=\"aligncenter size-full wp-image-675\" src=\"https:\/\/www.edgarvidaurre.org\/wp-content\/uploads\/2013\/11\/1174_10202134648666660_491279269_n.jpg\" alt=\"1174_10202134648666660_491279269_n\" width=\"593\" height=\"261\" srcset=\"https:\/\/edgarvidaurre.org\/wp-content\/uploads\/2013\/11\/1174_10202134648666660_491279269_n.jpg 593w, https:\/\/edgarvidaurre.org\/wp-content\/uploads\/2013\/11\/1174_10202134648666660_491279269_n-300x132.jpg 300w\" sizes=\"(max-width: 593px) 100vw, 593px\" \/><\/p>\n<p>&nbsp;<\/p>\n<p style=\"text-align: justify;\"><span style=\"color: #888888;\">Una&nbsp;mujer desnuda es como la noche. All\u00ed lo terrestre se vuelve astral de nuevo, recobra su cualidad de universo. As\u00ed, cuando ella emerge de la noche, con su desnudez, la luz solar que nos enceguece, se apaga y aparece&nbsp;ese otro brillo que pertenece a la sombra m\u00e1s reveladora, una verdad despojada y abierta que nos devuelve al para\u00edso. Una mujer desnuda no es como la flor, que se abre a la luz, pero solo vislumbra su promesa. Una mujer desnuda se parece m\u00e1s al interior de esa fruta madurada, en cuyo centro se produce la consumaci\u00f3n final del ciclo luminoso, el misterio contenido de todas las dulzuras. Cuando una mujer te dice al o\u00eddo:<em> &#8220;voy a despojarme para ti, desnuda&#8221;<\/em>, todo lo visto con los ojos abiertos se revoca y entonces, ella se convierte en tu destino irresistible, inevitable. Una mujer desnuda es tambi\u00e9n como la tierra so\u00f1ada, esa tierra que parece inalcanzable e interminable, cuyos l\u00edmites son sus extremos suaves de mujer de donde nunca, nunca quisieras salir. Una mujer desnuda es un paisaje \u00fanico y plural, lo inefable al alcance de los labios y las manos, una mujer desnuda es un paisaje ondulante, movible y oce\u00e1nico: conchas marinas, palmeras oscilando con el viento, estrellas de mar que solo se pueden ver son los ojos cerrados, en esa oscura belleza que guarda la densidad de su cuerpo. Hoy, cierro mis ojos al mundo visto con los ojos a la luz, para evocar a esa mujer desnuda y su paisaje nocturno, oce\u00e1nico y movible\u2026despu\u00e9s de descubrir desde el alma, con asombro y delicia, d\u00f3nde est\u00e1, d\u00f3nde queda en esos espacios amables de su cuerpo, la ventana para ver semejante paisaje\u2026<\/span><\/p>\n","protected":false},"excerpt":{"rendered":"<p>&nbsp; Una&nbsp;mujer desnuda es como la noche. All\u00ed lo terrestre se vuelve astral de nuevo, recobra su cualidad de universo. As\u00ed, cuando ella emerge de la noche, con su desnudez, la luz solar que nos enceguece, se apaga y aparece&nbsp;ese otro brillo que pertenece a la sombra m\u00e1s reveladora, una verdad despojada y abierta que&#8230;<\/p>\n","protected":false},"author":2,"featured_media":0,"parent":5,"menu_order":0,"comment_status":"closed","ping_status":"closed","template":"","meta":{"ngg_post_thumbnail":0,"jetpack_post_was_ever_published":false},"jetpack_sharing_enabled":true,"jetpack_shortlink":"https:\/\/wp.me\/P9ptYK-aS","_links":{"self":[{"href":"https:\/\/edgarvidaurre.org\/index.php?rest_route=\/wp\/v2\/pages\/674"}],"collection":[{"href":"https:\/\/edgarvidaurre.org\/index.php?rest_route=\/wp\/v2\/pages"}],"about":[{"href":"https:\/\/edgarvidaurre.org\/index.php?rest_route=\/wp\/v2\/types\/page"}],"author":[{"embeddable":true,"href":"https:\/\/edgarvidaurre.org\/index.php?rest_route=\/wp\/v2\/users\/2"}],"replies":[{"embeddable":true,"href":"https:\/\/edgarvidaurre.org\/index.php?rest_route=%2Fwp%2Fv2%2Fcomments&post=674"}],"version-history":[{"count":10,"href":"https:\/\/edgarvidaurre.org\/index.php?rest_route=\/wp\/v2\/pages\/674\/revisions"}],"predecessor-version":[{"id":1433,"href":"https:\/\/edgarvidaurre.org\/index.php?rest_route=\/wp\/v2\/pages\/674\/revisions\/1433"}],"up":[{"embeddable":true,"href":"https:\/\/edgarvidaurre.org\/index.php?rest_route=\/wp\/v2\/pages\/5"}],"wp:attachment":[{"href":"https:\/\/edgarvidaurre.org\/index.php?rest_route=%2Fwp%2Fv2%2Fmedia&parent=674"}],"curies":[{"name":"wp","href":"https:\/\/api.w.org\/{rel}","templated":true}]}}