{"id":529,"date":"2013-07-09T19:05:31","date_gmt":"2013-07-09T19:05:31","guid":{"rendered":"http:\/\/www.edgarvidaurre.org\/?page_id=529"},"modified":"2014-04-12T03:24:56","modified_gmt":"2014-04-12T03:24:56","slug":"la-musica-en-fray-luis-de-leon-y-jorge-guillen","status":"publish","type":"page","link":"https:\/\/edgarvidaurre.org\/?page_id=529","title":{"rendered":"La m\u00fasica en Fray Luis de Le\u00f3n y Jorge Guill\u00e9n"},"content":{"rendered":"\n<div class=\"twitter-share\"><a href=\"https:\/\/twitter.com\/intent\/tweet?via=evidaurre\" class=\"twitter-share-button\" data-size=\"large\">Tweet<\/a><\/div>\n<p><iframe loading=\"lazy\" src=\"https:\/\/docs.google.com\/viewer?url=http%3A%2F%2Fwww.edgarvidaurre.org%2Fwp-content%2Fuploads%2F2011%2F05%2FLa-M%25C3%25BAsica-en-Fray-Luis-de-Le%25C3%25B3n-y-Jorge-Guill%25C3%25A9n.pdf&#038;embedded=true\" width=\"600\" height=\"780\" style=\"border: none;\"><\/iframe><\/p>\n","protected":false},"excerpt":{"rendered":"","protected":false},"author":2,"featured_media":0,"parent":9,"menu_order":0,"comment_status":"closed","ping_status":"closed","template":"","meta":{"ngg_post_thumbnail":0,"jetpack_post_was_ever_published":false},"jetpack_sharing_enabled":true,"jetpack_shortlink":"https:\/\/wp.me\/P9ptYK-8x","_links":{"self":[{"href":"https:\/\/edgarvidaurre.org\/index.php?rest_route=\/wp\/v2\/pages\/529"}],"collection":[{"href":"https:\/\/edgarvidaurre.org\/index.php?rest_route=\/wp\/v2\/pages"}],"about":[{"href":"https:\/\/edgarvidaurre.org\/index.php?rest_route=\/wp\/v2\/types\/page"}],"author":[{"embeddable":true,"href":"https:\/\/edgarvidaurre.org\/index.php?rest_route=\/wp\/v2\/users\/2"}],"replies":[{"embeddable":true,"href":"https:\/\/edgarvidaurre.org\/index.php?rest_route=%2Fwp%2Fv2%2Fcomments&post=529"}],"version-history":[{"count":1,"href":"https:\/\/edgarvidaurre.org\/index.php?rest_route=\/wp\/v2\/pages\/529\/revisions"}],"predecessor-version":[{"id":530,"href":"https:\/\/edgarvidaurre.org\/index.php?rest_route=\/wp\/v2\/pages\/529\/revisions\/530"}],"up":[{"embeddable":true,"href":"https:\/\/edgarvidaurre.org\/index.php?rest_route=\/wp\/v2\/pages\/9"}],"wp:attachment":[{"href":"https:\/\/edgarvidaurre.org\/index.php?rest_route=%2Fwp%2Fv2%2Fmedia&parent=529"}],"curies":[{"name":"wp","href":"https:\/\/api.w.org\/{rel}","templated":true}]}}