{"id":2,"date":"2011-05-05T23:13:55","date_gmt":"2011-05-05T23:13:55","guid":{"rendered":"http:\/\/www.edgarvidaurre.org\/?page_id=2"},"modified":"2021-11-03T08:58:53","modified_gmt":"2021-11-03T08:58:53","slug":"sample-page","status":"publish","type":"page","link":"https:\/\/edgarvidaurre.org\/","title":{"rendered":"Bienvenida"},"content":{"rendered":"\n<div class=\"twitter-share\"><a href=\"https:\/\/twitter.com\/intent\/tweet?via=evidaurre\" class=\"twitter-share-button\" data-size=\"large\">Tweet<\/a><\/div>\n<p>&nbsp;<\/p>\n<p style=\"text-align: justify;\"><em><strong>Credum<\/strong><\/em><\/p>\n<p style=\"text-align: justify;\">Ellas creen en ti \u00bfY como no han de creer si han estado siempre en el centro de los mundos velando el nacimiento de los frutos del \u00e1rbol puro de la verdad? Ellas creen en ti cuando bajan de la monta\u00f1a a recoger las aguas de la vida. Y es por ellas que tambi\u00e9n nosotros creemos en ti; sus manos que han trazado en nuestro cuerpo, la geometr\u00eda sagrada. Creemos en el coraz\u00f3n de la rosa y en los siete puntos cardinales. En tu danza al final de los veranos, en la resurrecci\u00f3n de los tiempos y en las casas de la vida. Creemos en la liturgia de invierno y en la liturgia del verano, creemos en los ojos y en las ventanas, en el cosmos y en la tierra, pero sobre todo en el \u00e1ngel de la ca\u00f1a rosada. Creo en mi alma, en el templo de mi cuerpo y en esta piedra negra que es centro del mundo. Creo en la paz de los olivos, el perd\u00f3n de los corderos, el agua de la roca. Creo en esa mujer que vino del mar con el mundo de Dios en sus brazos, en la miel y en la manzana, en los molinos y en el pan. Creo en tu gran perla blanca, en la sal, en la sangre, en el sufrimiento de los bueyes. Creo en lo uno, en la espl\u00e9ndida eclosi\u00f3n de su multiplicidad y por ellas que desde el centro oscuro de los mundos velan el nacimiento de los frutos del \u00e1rbol puro de la verdad, creo en la luz.<\/p>\n<p style=\"text-align: right;\"><strong><em>Panayia<\/em><\/strong><\/p>\n<p style=\"text-align: right;\"><strong>Edgar Vidaurre<\/strong><\/p>\n<p><img decoding=\"async\" loading=\"lazy\" class=\"aligncenter size-large wp-image-2449\" src=\"https:\/\/edgarvidaurre.org\/wp-content\/uploads\/2021\/11\/Proprio-anziano-700x1051.jpg\" alt=\"\" width=\"700\" height=\"1051\" srcset=\"https:\/\/edgarvidaurre.org\/wp-content\/uploads\/2021\/11\/Proprio-anziano-700x1051.jpg 700w, https:\/\/edgarvidaurre.org\/wp-content\/uploads\/2021\/11\/Proprio-anziano-200x300.jpg 200w, https:\/\/edgarvidaurre.org\/wp-content\/uploads\/2021\/11\/Proprio-anziano-768x1153.jpg 768w, https:\/\/edgarvidaurre.org\/wp-content\/uploads\/2021\/11\/Proprio-anziano-1023x1536.jpg 1023w, https:\/\/edgarvidaurre.org\/wp-content\/uploads\/2021\/11\/Proprio-anziano-1364x2048.jpg 1364w, https:\/\/edgarvidaurre.org\/wp-content\/uploads\/2021\/11\/Proprio-anziano-800x1201.jpg 800w, https:\/\/edgarvidaurre.org\/wp-content\/uploads\/2021\/11\/Proprio-anziano.jpg 1599w\" sizes=\"(max-width: 700px) 100vw, 700px\" \/><\/p>\n<p style=\"text-align: center;\">&nbsp;<\/p>\n","protected":false},"excerpt":{"rendered":"<p>&nbsp; Credum Ellas creen en ti \u00bfY como no han de creer si han estado siempre en el centro de los mundos velando el nacimiento de los frutos del \u00e1rbol puro de la verdad? Ellas creen en ti cuando bajan de la monta\u00f1a a recoger las aguas de la vida. Y es por ellas que&#8230;<\/p>\n","protected":false},"author":2,"featured_media":0,"parent":0,"menu_order":0,"comment_status":"closed","ping_status":"closed","template":"","meta":{"ngg_post_thumbnail":0,"jetpack_post_was_ever_published":false},"jetpack_sharing_enabled":true,"jetpack_shortlink":"https:\/\/wp.me\/P9ptYK-2","_links":{"self":[{"href":"https:\/\/edgarvidaurre.org\/index.php?rest_route=\/wp\/v2\/pages\/2"}],"collection":[{"href":"https:\/\/edgarvidaurre.org\/index.php?rest_route=\/wp\/v2\/pages"}],"about":[{"href":"https:\/\/edgarvidaurre.org\/index.php?rest_route=\/wp\/v2\/types\/page"}],"author":[{"embeddable":true,"href":"https:\/\/edgarvidaurre.org\/index.php?rest_route=\/wp\/v2\/users\/2"}],"replies":[{"embeddable":true,"href":"https:\/\/edgarvidaurre.org\/index.php?rest_route=%2Fwp%2Fv2%2Fcomments&post=2"}],"version-history":[{"count":30,"href":"https:\/\/edgarvidaurre.org\/index.php?rest_route=\/wp\/v2\/pages\/2\/revisions"}],"predecessor-version":[{"id":2450,"href":"https:\/\/edgarvidaurre.org\/index.php?rest_route=\/wp\/v2\/pages\/2\/revisions\/2450"}],"wp:attachment":[{"href":"https:\/\/edgarvidaurre.org\/index.php?rest_route=%2Fwp%2Fv2%2Fmedia&parent=2"}],"curies":[{"name":"wp","href":"https:\/\/api.w.org\/{rel}","templated":true}]}}