{"id":1640,"date":"2020-03-18T01:20:33","date_gmt":"2020-03-18T01:20:33","guid":{"rendered":"https:\/\/edgarvidaurre.org\/?page_id=1640"},"modified":"2020-03-18T01:46:11","modified_gmt":"2020-03-18T01:46:11","slug":"al-este-de-la-melancolia-4","status":"publish","type":"page","link":"https:\/\/edgarvidaurre.org\/?page_id=1640","title":{"rendered":"Al este de la melancol\u00eda III"},"content":{"rendered":"\n<div class=\"twitter-share\"><a href=\"https:\/\/twitter.com\/intent\/tweet?via=evidaurre\" class=\"twitter-share-button\" data-size=\"large\">Tweet<\/a><\/div>\n\n<figure class=\"wp-block-image size-large is-resized\"><img decoding=\"async\" loading=\"lazy\" src=\"https:\/\/edgarvidaurre.org\/wp-content\/uploads\/2020\/03\/e32c9b278b5ff953d4a059f6f51af944.jpg\" alt=\"\" class=\"wp-image-1634\" width=\"555\" height=\"554\" srcset=\"https:\/\/edgarvidaurre.org\/wp-content\/uploads\/2020\/03\/e32c9b278b5ff953d4a059f6f51af944.jpg 500w, https:\/\/edgarvidaurre.org\/wp-content\/uploads\/2020\/03\/e32c9b278b5ff953d4a059f6f51af944-300x300.jpg 300w, https:\/\/edgarvidaurre.org\/wp-content\/uploads\/2020\/03\/e32c9b278b5ff953d4a059f6f51af944-150x150.jpg 150w\" sizes=\"(max-width: 555px) 100vw, 555px\" \/><\/figure>\n\n\n\n<p>AL ESTE DE LA MELANCOL\u00cdA<\/p>\n\n\n\n<p><\/p>\n\n\n\n<p><em>Levanto\u00a0mis ojos a los montes: \u00bfQui\u00e9n me mirar\u00e1? T\u00fa me mirar\u00e1s. No permitir\u00e1s que resbale mi pie. Tu dulce rostro que no duerme, me guardar\u00e1 bajo el amparo de su sombra, la sombra que est\u00e1 a mi derecha, al este de tu blanca e interminable extensi\u00f3n<\/em><\/p>\n\n\n\n<p><\/p>\n\n\n\n<p><em>I<\/em><em><\/em><\/p>\n\n\n\n<p>El\n\u00e9xtasis est\u00e1 al este de la melancol\u00eda<\/p>\n\n\n\n<p>II<\/p>\n\n\n\n<p>Mi\ncuerpo sue\u00f1a<br>\nCon tu rostro<br>\nCon el vuelo de las aves primerizas<br>\nCon el jard\u00edn al este del Ed\u00e9n<br>\nEl centro me atrapa, me condena<br>\nLa luz arrebatada de ese \u00e1rbol<\/p>\n\n\n\n<p>Viajas\npor la irrealidad de un r\u00edo que renace<br>\nY te olvidas del latido de su coraz\u00f3n<br>\nElla que a\u00fan mece la imagen m\u00e1s hermosa<\/p>\n\n\n\n<p>Desde\nel fuego antiguo se produce un sonido<br>\nEscucho mi coraz\u00f3n en mi coraz\u00f3n<\/p>\n\n\n\n<p>III<\/p>\n\n\n\n<p>Esta\nvoz de adentro<br>\nQue termina su proyecci\u00f3n en el borde<br>\nComo concluye la espuma<\/p>\n\n\n\n<p>Es\nel drama de un cielo alcanzable<br>\nA la mirada<\/p>\n\n\n\n<p>Mas\nson las manos y el amor los que te tocan<br>\nLos que te palpan<br>\nPara levantar este muro de fortalezas<br>\nCon el poder y la movilidad de las aguas<\/p>\n\n\n\n<p>IV<\/p>\n\n\n\n<p>Necesidad\nde levantarla<br>\nDe entender y amar al desamparo<br>\nPorque respirar es un acto de amor<\/p>\n\n\n\n<p>Entonces\neres t\u00fa quien me toca<br>\nQuien me arropa<br>\nQuien me diluye<br>\nCon esa fuerza que otorga tu incomprensible<br>\nAbsoluta libertad<\/p>\n\n\n\n<p>V<\/p>\n\n\n\n<p>Un c\u00edrculo intensamente rojo<br>\nEntre el adentro y el afuera<br>\n\u00bfC\u00f3mo entenderlo?<br>\nEl anhelo que se ha formado <\/p>\n\n\n\n<p>Y transformado a la intemperie<br>\nHermano de una puerta abandonada<\/p>\n\n\n\n<p>El miedo al desamparo<br>\nY todos los retornos<br>\nAquello que me impulsa a tener <\/p>\n\n\n\n<p>Estos encuentros con la luz<\/p>\n\n\n\n<p>VI<\/p>\n\n\n\n<p>Ella\nmostraba toda las verdades<br>\nEn el interior de un fruto<br>\nTransfigurada por una voz interior<br>\nEstado del fuego antiguo y olvidado<br>\nQue permite vincularse con una roca sobreviviente<br>\nDel viento, de la sal<br>\nEstar despierta y l\u00facida en el medio del jard\u00edn<br>\nPara darse<br>\nPara entregarse<\/p>\n\n\n\n<p>VII<\/p>\n\n\n\n<p>La\ntristeza y la alegr\u00eda se mezclan<br>\nComo la lluvia que desciende sobre el r\u00edo<br>\n<em>Yo me ahondo en ti cuando te\nahondas<\/em><\/p>\n\n\n\n<p>Si\nla melancol\u00eda fuera solo una tenue luz<br>\nCasi oscura como el claro de la luna<\/p>\n\n\n\n<p>La\nsustancia de tu llanto es un fuego silencioso<br>\nQue no te deja ver lo que hay m\u00e1s all\u00e1 de ti<br>\nQue te inmoviliza en la luz<\/p>\n\n\n\n<p>En\nel centro de la noche la silueta de un ave<br>\nCanta una plegaria<\/p>\n\n\n\n<p><em>-No\nte mueras<\/em><br>\n<em>No te mueras dentro de m\u00ed<\/em><\/p>\n\n\n\n<p>VIII<\/p>\n\n\n\n<p>Algo\nme constri\u00f1e<br>\nMe impide llegar al fondo de m\u00ed mismo<br>\nPorque la luz no se ve en la luz<\/p>\n\n\n\n<p>Mis\nojos que me miran a los ojos<\/p>\n\n\n\n<p>Mirar\ncon otros ojos<br>\nEspejos del alma<\/p>\n\n\n\n<p>IX<\/p>\n\n\n\n<p>Ella\nse aleja en la corriente<br>\nSobre el silencio m\u00e1s abierto<\/p>\n\n\n\n<p>Flor\nque se agita levemente<br>\nSobre la extensi\u00f3n de la herida<\/p>\n\n\n\n<p>Desde\nel fondo<br>\nLas aguas siguen murmurando<br>\nPero yo no les respondo<\/p>\n\n\n\n<p>Ella dejar\u00eda de existir <\/p>\n\n\n\n<p>Si yo pronunciara su nombre<\/p>\n\n\n\n<p>IX<\/p>\n\n\n\n<p>Te\nllamo desde un silencio sobrenatural<br>\nA ti que no tienes nombre<br>\nUna cicatriz arde en mi frente<\/p>\n\n\n\n<p>Desciendo\npor esta elevaci\u00f3n<br>\nEscucho por primera vez<br>\nLos sonidos del llanto<\/p>\n\n\n\n<p>Me\nentrego mansamente<br>\nSoy apenas un rel\u00e1mpago en tu luz<br>\nLejos de tu vientre<\/p>\n\n\n\n<p>El\ncord\u00f3n que me sujeta a ti<br>\nEs un r\u00edo por donde me desprendo<br>\nComo un fruto de la rama<\/p>\n\n\n\n<p>Voy\nde lo visible a lo invisible<br>\n<em>H\u00e1gase en m\u00ed tu voluntad<\/em><\/p>\n\n\n\n<p>X<\/p>\n\n\n\n<p>En\nel centro de la melancol\u00eda<br>\nEst\u00e1 tu \u00e1rbol<\/p>\n\n\n\n<p>Abro\nlos ojos para perderte<\/p>\n\n\n\n<p>Ella\nno tiene la culpa de su florecer<br>\nNi de su desprenderse de la rama<\/p>\n\n\n\n<p>Extensi\u00f3n\nque persiste en el aire<br>\nRama que recuerda a la flor<br>\nEn la dulzura de sus frutos<\/p>\n\n\n\n<p>XI<\/p>\n\n\n\n<p><em>Nunc\ndimittis<\/em><\/p>\n\n\n\n<p>Yo\nla sue\u00f1o en el jard\u00edn<br>\nUna realidad m\u00e1s contundente<\/p>\n\n\n\n<p>Tu blancura inclinada en la sombra<br>\nEsperando la rasgadura en estado de inocencia<\/p>\n\n\n\n<p>Tu p\u00e9talo interno en extremo delicado<br>\nQue te separa del fruto<\/p>\n\n\n\n<p>Yo\nmuerdo la luz<br>\nEn el coraz\u00f3n de la manzana<\/p>\n\n\n\n<p>El\ndolor en el umbral de su abertura<br>\nLa hace a\u00fan m\u00e1s inocente<\/p>\n\n\n\n<p>XII<\/p>\n\n\n\n<p>Tu\ntenue velo apenas visible<br>\nQue nos sostiene<br>\nQue nos salva<\/p>\n\n\n\n<p>Una\nmejilla en la sombra<br>\nLa melancol\u00eda de tu \u00e1rbol<br>\nEn el centro de la belleza<\/p>\n\n\n\n<p>Gota\npeque\u00f1a de inocencia<br>\nQue ilumina otro amor m\u00e1s permanente<br>\nY mi cabeza en el borde de tu misericordia<\/p>\n\n\n\n<p>Yo\nme diluyo<br>\nLuego regreso<br>\nCon ese secreto<\/p>\n\n\n\n<p>XIII<\/p>\n\n\n\n<p>Hay\nun jard\u00edn en mi coraz\u00f3n<br>\nQue palpita por ti desde el oriente<\/p>\n\n\n\n<p>La\nmelancol\u00eda de los frutos<br>\nSobre los labios<\/p>\n\n\n\n<p>Persigo\nlos amaneceres<br>\nAl otro extremo de tu canto<\/p>\n\n\n\n<p>Me\npierdo en las ondas del agua<br>\n\u00bfPodr\u00e1n sus Reflejos detenerme en la orilla?<\/p>\n\n\n\n<p>El\ncoraz\u00f3n de tu perla est\u00e1 en el fondo<br>\nYo me sumerjo con la pasi\u00f3n de la fe<br>\nEn tu&nbsp;<em>Gracia<\/em><br>\nEn tu&nbsp;<em>Gracia Plena<\/em><\/p>\n\n\n\n<p>XIV<\/p>\n\n\n\n<p>T\u00fa\nrecorres el camino sagrado<br>\nTe haces puro en las aguas de los cuatro r\u00edos<br>\nQue te rodean<\/p>\n\n\n\n<p>Tu\nvirilidad te hace soportar el pie sobre la tierra<br>\nPero es el viento quien te da la permanencia<\/p>\n\n\n\n<p>Al\neste de tu coraz\u00f3n<br>\nLa promesa del eterno retorno<br>\nDe tu regreso<\/p>\n\n\n\n<p>XV&nbsp;&nbsp;&nbsp;&nbsp;&nbsp;&nbsp;&nbsp;&nbsp;&nbsp;&nbsp;&nbsp;&nbsp;&nbsp;&nbsp;&nbsp;&nbsp;&nbsp;&nbsp;&nbsp;&nbsp;&nbsp;&nbsp;&nbsp;&nbsp;&nbsp;&nbsp;&nbsp;&nbsp;&nbsp;&nbsp;&nbsp;&nbsp;&nbsp;&nbsp;&nbsp;&nbsp;&nbsp;&nbsp;&nbsp;&nbsp;&nbsp;&nbsp;&nbsp;&nbsp;&nbsp;&nbsp;&nbsp;&nbsp;&nbsp;&nbsp;&nbsp;&nbsp;&nbsp;&nbsp;&nbsp;&nbsp;&nbsp;&nbsp;&nbsp;&nbsp;&nbsp;&nbsp;&nbsp;&nbsp;&nbsp;&nbsp;&nbsp;&nbsp;&nbsp;&nbsp;&nbsp;&nbsp;&nbsp;&nbsp;&nbsp;&nbsp;&nbsp; <\/p>\n\n\n\n<p>Ella\nme sue\u00f1a en el jard\u00edn<br>\nY yo, dobleg\u00e1ndome en su sue\u00f1o<\/p>\n\n\n\n<p>Me\nentrego a ti<br>\nRegreso a ti consoladora<br>\nLa que escucha<\/p>\n\n\n\n<p>Para\nllegar a tu luz<br>\nMi amor se fertiliza desde tu tierra negra<\/p>\n\n\n\n<p>Rojo,\ntodo rojo<br>\nHasta la levedad es roja<\/p>\n\n\n\n<p>Tiempo de verano<br> Verano en el cielo<br> Verano en la tierra<br> Verano en el alma<\/p>\n\n\n\n<figure class=\"wp-block-embed-youtube wp-block-embed is-type-video is-provider-youtube wp-embed-aspect-16-9 wp-has-aspect-ratio\"><div class=\"wp-block-embed__wrapper\">\n<span class=\"embed-youtube\" style=\"text-align:center; display: block;\"><iframe loading=\"lazy\" class=\"youtube-player\" width=\"700\" height=\"394\" src=\"https:\/\/www.youtube.com\/embed\/qmLauOiQHaM?version=3&#038;rel=1&#038;showsearch=0&#038;showinfo=1&#038;iv_load_policy=1&#038;fs=1&#038;hl=en-US&#038;autohide=2&#038;wmode=transparent\" allowfullscreen=\"true\" style=\"border:0;\" sandbox=\"allow-scripts allow-same-origin allow-popups allow-presentation\"><\/iframe><\/span>\n<\/div><\/figure>\n","protected":false},"excerpt":{"rendered":"<p>AL ESTE DE LA MELANCOL\u00cdA Levanto\u00a0mis ojos a los montes: \u00bfQui\u00e9n me mirar\u00e1? T\u00fa me mirar\u00e1s. No permitir\u00e1s que resbale mi pie. Tu dulce rostro que no duerme, me guardar\u00e1 bajo el amparo de su sombra, la sombra que est\u00e1 a mi derecha, al este de tu blanca e interminable extensi\u00f3n I El \u00e9xtasis est\u00e1&#8230;<\/p>\n","protected":false},"author":2,"featured_media":0,"parent":7,"menu_order":0,"comment_status":"closed","ping_status":"closed","template":"","meta":{"ngg_post_thumbnail":0,"jetpack_post_was_ever_published":false},"jetpack_sharing_enabled":true,"jetpack_shortlink":"https:\/\/wp.me\/P9ptYK-qs","_links":{"self":[{"href":"https:\/\/edgarvidaurre.org\/index.php?rest_route=\/wp\/v2\/pages\/1640"}],"collection":[{"href":"https:\/\/edgarvidaurre.org\/index.php?rest_route=\/wp\/v2\/pages"}],"about":[{"href":"https:\/\/edgarvidaurre.org\/index.php?rest_route=\/wp\/v2\/types\/page"}],"author":[{"embeddable":true,"href":"https:\/\/edgarvidaurre.org\/index.php?rest_route=\/wp\/v2\/users\/2"}],"replies":[{"embeddable":true,"href":"https:\/\/edgarvidaurre.org\/index.php?rest_route=%2Fwp%2Fv2%2Fcomments&post=1640"}],"version-history":[{"count":3,"href":"https:\/\/edgarvidaurre.org\/index.php?rest_route=\/wp\/v2\/pages\/1640\/revisions"}],"predecessor-version":[{"id":1647,"href":"https:\/\/edgarvidaurre.org\/index.php?rest_route=\/wp\/v2\/pages\/1640\/revisions\/1647"}],"up":[{"embeddable":true,"href":"https:\/\/edgarvidaurre.org\/index.php?rest_route=\/wp\/v2\/pages\/7"}],"wp:attachment":[{"href":"https:\/\/edgarvidaurre.org\/index.php?rest_route=%2Fwp%2Fv2%2Fmedia&parent=1640"}],"curies":[{"name":"wp","href":"https:\/\/api.w.org\/{rel}","templated":true}]}}