{"id":1637,"date":"2020-03-18T01:10:53","date_gmt":"2020-03-18T01:10:53","guid":{"rendered":"https:\/\/edgarvidaurre.org\/?page_id=1637"},"modified":"2020-03-18T01:36:23","modified_gmt":"2020-03-18T01:36:23","slug":"al-este-de-la-melancolia-3","status":"publish","type":"page","link":"https:\/\/edgarvidaurre.org\/?page_id=1637","title":{"rendered":"Al este de la melancol\u00eda II"},"content":{"rendered":"\n<div class=\"twitter-share\"><a href=\"https:\/\/twitter.com\/intent\/tweet?via=evidaurre\" class=\"twitter-share-button\" data-size=\"large\">Tweet<\/a><\/div>\n\n<figure class=\"wp-block-image size-large is-resized\"><img decoding=\"async\" loading=\"lazy\" src=\"https:\/\/edgarvidaurre.org\/wp-content\/uploads\/2020\/03\/e32c9b278b5ff953d4a059f6f51af944.jpg\" alt=\"\" class=\"wp-image-1634\" width=\"548\" height=\"547\" srcset=\"https:\/\/edgarvidaurre.org\/wp-content\/uploads\/2020\/03\/e32c9b278b5ff953d4a059f6f51af944.jpg 500w, https:\/\/edgarvidaurre.org\/wp-content\/uploads\/2020\/03\/e32c9b278b5ff953d4a059f6f51af944-300x300.jpg 300w, https:\/\/edgarvidaurre.org\/wp-content\/uploads\/2020\/03\/e32c9b278b5ff953d4a059f6f51af944-150x150.jpg 150w\" sizes=\"(max-width: 548px) 100vw, 548px\" \/><\/figure>\n\n\n\n<p>VARIACIONES SOBRE UN TEMA\nDE A. GAMONEDA<\/p>\n\n\n\n<p><em>Yo no entro en ti para\nque t\u00fa te pierdas<\/em><br>\n<em>bajo la fuerza de mi amor;<\/em><br>\n<em>yo no entro en ti para perderme<\/em><br>\n<em>en tu existencia ni en la m\u00eda;<\/em><br>\n<em>yo te amo y act\u00fao en tu coraz\u00f3n<\/em><br>\n<em>para vivir con tu naturaleza,<\/em><br>\n<em>para que t\u00fa te extiendas en mi\nvida.<\/em><\/p>\n\n\n\n<p><em>Ni t\u00fa ni yo. ni t\u00fa ni yo.<\/em><br>\n<em>Ni tus cabellos esparcidos\naunque los amo tanto.<\/em><br>\n<em>S\u00f3lo esta oscura compa\u00f1\u00eda.<\/em><br>\n<em>&nbsp;&nbsp;&nbsp;&nbsp;&nbsp;&nbsp;&nbsp;&nbsp;&nbsp;&nbsp;&nbsp;&nbsp;&nbsp;&nbsp;&nbsp;&nbsp;&nbsp;&nbsp;&nbsp;&nbsp;&nbsp;&nbsp;&nbsp;&nbsp;&nbsp;&nbsp;&nbsp;&nbsp;&nbsp;&nbsp;&nbsp;&nbsp;&nbsp;&nbsp;&nbsp;&nbsp;&nbsp;&nbsp;&nbsp;&nbsp;&nbsp;Ahora<\/em><br>\n<em>siento la libertad.<\/em><br>\n<em>&nbsp;&nbsp;&nbsp;&nbsp;&nbsp;&nbsp;&nbsp;&nbsp;&nbsp;&nbsp;&nbsp;&nbsp;&nbsp;&nbsp;&nbsp;&nbsp;&nbsp;&nbsp;&nbsp;&nbsp;&nbsp;&nbsp;&nbsp;&nbsp;&nbsp;Esparce<\/em><br>\n<em>tus cabellos.<\/em><br>\n<em>&nbsp;&nbsp;&nbsp;&nbsp;&nbsp;&nbsp;&nbsp;&nbsp;&nbsp;&nbsp;&nbsp;&nbsp;&nbsp;&nbsp;&nbsp;&nbsp;&nbsp;\nEsparce tus cabellos<\/em><\/p>\n\n\n\n<p>Antonio Gamoneda<\/p>\n\n\n\n<p>I<\/p>\n\n\n\n<p>Ella se desnuda<br>\nLos \u00e1rboles de mi pasi\u00f3n<br>\nTiemblan en la hondura<br>\nY el miedo a entregarme<br>\nSe va muriendo bajo su piel&nbsp;<br>\nOscilando sobre mi<br>\nC\u00f3mo un astro en la noche<\/p>\n\n\n\n<p>Sus manos fueron suaves en mis\nhombros<br>\nC\u00f3mo el peso de la luz&nbsp;<br>\nUn latido del coraz\u00f3n<br>\nUn respirar compartido<\/p>\n\n\n\n<p><em>Todo era verdad bajo los\n\u00e1rboles,&nbsp;<\/em><br>\n<em>todo era verdad. Yo\ncomprend\u00eda&nbsp;<\/em><br>\n<em>todas las cosas como se\ncomprende<\/em><br>\n<em>un fruto con la boca, una luz\ncon los ojos<\/em><\/p>\n\n\n\n<p>II<\/p>\n\n\n\n<p>En la cavidad que ahora conozco,<br>\nSuena un susurro<br>\nLabios que liberan en la noche<br>\nUna bandada de gemidos<\/p>\n\n\n\n<p>\u2013 Dime, intenso gorri\u00f3n\natardecido<br>\nDime, t\u00fa, que te apoyas en el aire<br>\nA qui\u00e9n anuncias ya<br>\nAdem\u00e1s de la Belleza<\/p>\n\n\n\n<p>III<\/p>\n\n\n\n<p>Todos mis \u00e1rboles&nbsp;<br>\nTiemblan por ti<br>\nEsa \u00faltima prenda en la oscuridad<br>\nTenue destello que te separa de mi<\/p>\n\n\n\n<p>Tus colinas vivientes.<\/p>\n\n\n\n<p>Atravesando los miedos<br>\nHasta llegar a la otra orilla del vuelo<\/p>\n\n\n\n<p>Hacia tu vientre voy<br>\nC\u00f3mo un ave que anida su dulzura<br>\nCrecer desnudo para ti<br>\nAmiga del polen de mi rosa<\/p>\n\n\n\n<p>IV<\/p>\n\n\n\n<p>Mi coraz\u00f3n ve en la oscuridad\ndel cuerpo<br>\nLa luz que lo sostiene<\/p>\n\n\n\n<p>Hay un r\u00edo, un delta<br>\nDesembocando irremediable<br>\nEn la \u00edntima amplitud de tu blancura<\/p>\n\n\n\n<p>Yo entro en ella as\u00ed<br>\nEn medio de ese resplandor<br>\nPausadamente enceguecido<br>\nUn ritual que me purifica<br>\nQue me salva del tiempo<\/p>\n\n\n\n<p>V<\/p>\n\n\n\n<p>Hay una m\u00fasica en m\u00ed<br>\nQue resuena con los agujeros negros<\/p>\n\n\n\n<p>M\u00e1s lejos, m\u00e1s all\u00e1<br>\nDonde el vac\u00edo es una campana<br>\nCon un sonido amplio como la tristeza<\/p>\n\n\n\n<p>\u00bfSer\u00e1\nverdad este \u00e9xtasis? <\/p>\n\n\n\n<p>\u00bfQui\u00e9n\nvigila la noche?<\/p>\n\n\n\n<p>Mis ojos ya no son m\u00e1s mis ojos<br>\nEntrar en el sosiego desesperadamente<\/p>\n\n\n\n<p>VI<\/p>\n\n\n\n<p>Cuando el tiempo es vibraci\u00f3n<br>\nAlgo empieza su ascenso hacia la luz<br>\nD\u00e1ndole sentido a la profundidad<br>\nAlgo se desnuda<br>\nLe nacen alas de improviso<\/p>\n\n\n\n<p>El sentido de mi vuelo<br>\nEs bajar mis labios a tus aguas<br>\nRozar mi sed en ellas<br>\nSin perturbar su paz<\/p>\n\n\n\n<p>VII<\/p>\n\n\n\n<p>Todo es verdad, todo es verdad\nen tu claridad<br>\nElla se esparce desde mi coraz\u00f3n hasta la estrella<br>\nCierro los ojos con dulzura<\/p>\n\n\n\n<p>Por mis venas corre tu miel<br>\nTodo dentro de mi es ahora luz<\/p>\n\n\n\n<p>Todo es luz en tu verdad, todo\nes verdad en tu luz<\/p>\n\n\n\n<p>VIII<\/p>\n\n\n\n<p>Te miro transparente<br>\nEt\u00e9rea m\u00e1s all\u00e1 de la materia<br>\nPurificada por tu fuego<br>\nTu canto penetra los resquicios<br>\nHasta las part\u00edculas invisibles del ser<br>\nHundi\u00e9ndose en la parte m\u00e1s elevada del cuerpo<\/p>\n\n\n\n<p>\u2013 Algo en ti recoge, contiene<br>\nLa parte alada de mi carne<\/p>\n\n\n\n<p>IX<\/p>\n\n\n\n<p>El amor dura en mis ojos<br>\nLa miel de las manzanas se derrama en el verano<br>\nY me recuerda esta herida en el costado<\/p>\n\n\n\n<p>El amor perdura en los ojos<br>\nYo lloro en el umbral de tus piernas<br>\nEn el borde de tu miel inalcanzable<\/p>\n\n\n\n<p>X<\/p>\n\n\n\n<p>La\nluz me limita, me aprisiona<br>\nPrefiero la penumbra<br>\nEn la que percibo que giro que giramos<br>\nComo el universo entero<br>\n<br>\n<\/p>\n\n\n\n<p>Es\nah\u00ed donde tu boca se hace eterna<br>\nDonde sucumbo hundi\u00e9ndome<br>\nEn la amada corporalidad de tu alma<\/p>\n\n\n\n<p>XI<\/p>\n\n\n\n<p>Mi manera de amarte empieza y\ntermina con los ojos<\/p>\n\n\n\n<p>T\u00fa me respondes la mirada<br>\nComo si estuvieras viendo la piel del alma<br>\nCon todo el poder que tiene el cuerpo<\/p>\n\n\n\n<p>M\u00e1s todo se sostiene en la\nrespiraci\u00f3n<\/p>\n\n\n\n<p>Cuando t\u00fa me respiras y cuando\nyo te respiro<br>\nCuando nos respiramos en una m\u00ednima distancia<\/p>\n\n\n\n<p>El cuerpo, solo con el cuerpo<br>\nEntendemos la diafanidad de tu voz <\/p>\n\n\n\n<p>XII<\/p>\n\n\n\n<p>Escucho las voces internas<\/p>\n\n\n\n<p>Algo en ti me hace penetrar las\n\u00faltimas sombras<br>\nDonde se gesta la belleza<\/p>\n\n\n\n<p>Esta vez para no morir<br>\nDejar\u00e9 que corran sobre mi todas las aguas<br>\n<em>hasta que pueda ver con los ojos\ncerrados<\/em><br>\n<em>el dolor que ya veo con los ojos\nabiertos<\/em><\/p>\n\n\n\n<p>XIII<\/p>\n\n\n\n<p>La tierra es un milagro<\/p>\n\n\n\n<p>Que asciende hacia los cielos<br>\nTodo crece y se eleva<br>\nMenos la lluvia que perturba al vuelo<\/p>\n\n\n\n<p>Ese gorri\u00f3n atardecido&nbsp;<br>\nEl mundo entero en su soplo de aire<\/p>\n\n\n\n<p>No hay palabras<br>\nSolo esta m\u00fasica<\/p>\n\n\n\n<p>Y el silencio que necesita de la\nbelleza<\/p>\n\n\n\n<p>XIV<\/p>\n\n\n\n<p>Ella mete su mano dulcemente<br>\nPor la herida<br>\nHasta tocar el centro de mi humedad<br>\nElla me canta el rostro de la luna<br>\nInquieta con su aliento mi bosque inm\u00f3vil<\/p>\n\n\n\n<p>\u2013 Su canto me acuna<br>\nSuavizando la eternidad de esta herida<\/p>\n\n\n\n<p>XV<\/p>\n\n\n\n<p>En el lugar m\u00e1s inaccesible<br>\nDetr\u00e1s de esa puerta<br>\nUn camino de luces para el despliegue de su pie<br>\nSenda que marca el rojo centro del amor<\/p>\n\n\n\n<p>T\u00fa entras, lo atraviesas<br>\ntocas el cuerpo del silencio con los labios<br>\nComo si este y no la palabra, fuera su sentido natural<br>\nTr\u00e1nsito sagrado, liturgia de ida y vuelta<\/p>\n\n\n\n<p>\u2013 Desde la rendija de la puerta<br>\nPercibo la pasi\u00f3n de tus huellas al salir<br>\nEstremecidas<\/p>\n\n\n\n<p>XVI<\/p>\n\n\n\n<p>Un Gorri\u00f3n ha llegado<br>\nA la secreta extensi\u00f3n de mi alma<br>\nComo si fuera un habitante del fr\u00edo<\/p>\n\n\n\n<p>Ya no hay vuelo ni luz<br>\nEn esta amplitud llena de silencio<\/p>\n\n\n\n<p>Su gesto ha tra\u00eddo de nuevo<br>\nEl sonido de las aguas<br>\nY una semilla peque\u00f1a<br>\nPara el lago que me rodea el coraz\u00f3n<\/p>\n\n\n\n<p>XVII<\/p>\n\n\n\n<p>Siento la claridad de la luna\nsobre mis ojos<br>\nElla me llega a trav\u00e9s de las ondas del agua<\/p>\n\n\n\n<p>Algo\nhay m\u00e1s all\u00e1 de mi recuerdo<\/p>\n\n\n\n<p>De\nmi felicidad<\/p>\n\n\n\n<p>De\nmi amor<br>\n<br>\n<\/p>\n\n\n\n<p>Pero\nyo solo deseo sentir la claridad de la luna <br>\nSobre los ojos<\/p>\n\n\n\n<p>En\nla orilla del lago me acompa\u00f1a el temblor<br>\nNo s\u00e9 de cierto si hay un gorri\u00f3n aterido <\/p>\n\n\n\n<p>Entre\nlas ramas<\/p>\n\n\n\n<p>XVIII<\/p>\n\n\n\n<p>Yo entro en ti para que t\u00fa\nliberes<br>\nla fuerza contenida en la semilla<\/p>\n\n\n\n<p>Yo entro en ti para recobrar el\nSer y salir<br>\nY prolongarme como un \u00e1rbol<\/p>\n\n\n\n<p>Peque\u00f1a ave del crep\u00fasculo<br>\nQue nada te perturbe<br>\nSobre el borde de mi \u00faltima rama<\/p>\n\n\n\n<p>La fuerza de mi amor que se\nparece al vuelo<br>\nY tu mirada liberando ingentes cantidades de luz<\/p>\n\n\n\n<p>T\u00fa y yo en el umbral de esta\noquedad clara y profunda<br>\nLa libertad absoluta que se esparce<\/p>\n\n\n\n<p>Yo cierro los ojos cuando percibo que me amas<br> Cuando te inclinas sobre mi extensi\u00f3n m\u00e1s elevada<br> Esparce, esparce tus cabellos<\/p>\n\n\n\n<figure class=\"wp-block-embed-youtube wp-block-embed is-type-video is-provider-youtube wp-embed-aspect-16-9 wp-has-aspect-ratio\"><div class=\"wp-block-embed__wrapper\">\n<span class=\"embed-youtube\" style=\"text-align:center; display: block;\"><iframe loading=\"lazy\" class=\"youtube-player\" width=\"700\" height=\"394\" src=\"https:\/\/www.youtube.com\/embed\/y4MH6ooimYU?version=3&#038;rel=1&#038;showsearch=0&#038;showinfo=1&#038;iv_load_policy=1&#038;fs=1&#038;hl=en-US&#038;autohide=2&#038;wmode=transparent\" allowfullscreen=\"true\" style=\"border:0;\" sandbox=\"allow-scripts allow-same-origin allow-popups allow-presentation\"><\/iframe><\/span>\n<\/div><\/figure>\n","protected":false},"excerpt":{"rendered":"<p>VARIACIONES SOBRE UN TEMA DE A. GAMONEDA Yo no entro en ti para que t\u00fa te pierdas bajo la fuerza de mi amor; yo no entro en ti para perderme en tu existencia ni en la m\u00eda; yo te amo y act\u00fao en tu coraz\u00f3n para vivir con tu naturaleza, para que t\u00fa te extiendas&#8230;<\/p>\n","protected":false},"author":2,"featured_media":0,"parent":7,"menu_order":0,"comment_status":"closed","ping_status":"closed","template":"","meta":{"ngg_post_thumbnail":0,"jetpack_post_was_ever_published":false},"jetpack_sharing_enabled":true,"jetpack_shortlink":"https:\/\/wp.me\/P9ptYK-qp","_links":{"self":[{"href":"https:\/\/edgarvidaurre.org\/index.php?rest_route=\/wp\/v2\/pages\/1637"}],"collection":[{"href":"https:\/\/edgarvidaurre.org\/index.php?rest_route=\/wp\/v2\/pages"}],"about":[{"href":"https:\/\/edgarvidaurre.org\/index.php?rest_route=\/wp\/v2\/types\/page"}],"author":[{"embeddable":true,"href":"https:\/\/edgarvidaurre.org\/index.php?rest_route=\/wp\/v2\/users\/2"}],"replies":[{"embeddable":true,"href":"https:\/\/edgarvidaurre.org\/index.php?rest_route=%2Fwp%2Fv2%2Fcomments&post=1637"}],"version-history":[{"count":2,"href":"https:\/\/edgarvidaurre.org\/index.php?rest_route=\/wp\/v2\/pages\/1637\/revisions"}],"predecessor-version":[{"id":1639,"href":"https:\/\/edgarvidaurre.org\/index.php?rest_route=\/wp\/v2\/pages\/1637\/revisions\/1639"}],"up":[{"embeddable":true,"href":"https:\/\/edgarvidaurre.org\/index.php?rest_route=\/wp\/v2\/pages\/7"}],"wp:attachment":[{"href":"https:\/\/edgarvidaurre.org\/index.php?rest_route=%2Fwp%2Fv2%2Fmedia&parent=1637"}],"curies":[{"name":"wp","href":"https:\/\/api.w.org\/{rel}","templated":true}]}}