{"id":11,"date":"2011-05-06T00:41:55","date_gmt":"2011-05-06T00:41:55","guid":{"rendered":"http:\/\/www.edgarvidaurre.org\/?page_id=11"},"modified":"2026-03-12T21:02:26","modified_gmt":"2026-03-12T21:02:26","slug":"biografia","status":"publish","type":"page","link":"https:\/\/edgarvidaurre.org\/?page_id=11","title":{"rendered":"Biograf\u00eda"},"content":{"rendered":"\n<div class=\"twitter-share\"><a href=\"https:\/\/twitter.com\/intent\/tweet?via=evidaurre\" class=\"twitter-share-button\" data-size=\"large\">Tweet<\/a><\/div>\n<p style=\"text-align: justify;\"><strong>Edgar Vidaurre<\/strong>, naci\u00f3 en Caracas el 5 de diciembre de 1953, iniciando sus estudios musicales en el a\u00f1o de 1958 en el conservatorio de m\u00fasica Juan Manuel Olivares y de piano con el profesor Jorge Farkas.<\/p>\n<p style=\"text-align: justify;\">Posteriormente estudi\u00f3 con las profesoras Gerty Haas y Mar\u00eda Albino hasta 1976 a\u00f1o en el que obtiene el grado de pianista ejecutante, as\u00ed como tambi\u00e9n estudios de teor\u00eda y solfeo, armon\u00eda, contrapunto e historia de la m\u00fasica con los profesores Alvaro Fernaud, Angel Sauce y R. Hern\u00e1ndez L\u00f3pez, prosiguiendo sus estudios de ejecuci\u00f3n pian\u00edstica y m\u00fasica de c\u00e1mara en el conservatorio Santa Cecilia de Roma, bajo el auspicio de la profesora Mar\u00eda Albino. En el mismo a\u00f1o de 1976 obtiene el t\u00edtulo de Abogado de la Universidad Cat\u00f3lica Andr\u00e9s Bello, igualmente realiza estudios de filosof\u00eda en la misma universidad. En el a\u00f1o 1991 ingresa a los talleres de poes\u00eda del Conac en el Ateneo de Chuao y del Celarg a cargo del poeta Alfredo Silva Estrada de manera ininterrumpida hasta el a\u00f1o de 1995, siendo que paralelamente participa en los talleres libres con las poetisas Elizabeth Sch\u00f6n e Ida Gramcko. En el a\u00f1o 2006 realiza Diplomado en Teolog\u00eda Cristiana en la Universidad Monte\u00e1vila de Caracas, y en el a\u00f1o 2021 culmina la Maestr\u00eda en Teolog\u00eda Fundamental en el ITER-UCAB de Caracas. Conferencista, profesor y forista del Centro de Estudios Junguianos de Caracas. Ha sido el presidente del C\u00edrculo de Escritores de Venezuela durante los per\u00edodos 2014 &#8211; 2017<\/p>\n<p style=\"text-align: justify;\"><strong>Autor de los libros de poes\u00eda:<\/strong><\/p>\n<ul style=\"text-align: justify;\">\n<li>&#8211; <em><strong>La resurrecci\u00f3n de los frutos<\/strong><\/em> (Menci\u00f3n de honor en la bienal 1993-1994 de poes\u00eda m\u00edstica Fernando Rielo de Espa\u00f1a)<\/li>\n<li>&#8211; <em><strong>Poemas de la tierra <\/strong><\/em>(1995)<\/li>\n<li>&#8211; <em><strong>La fugitiva <\/strong><\/em>(ganador del premio \u00fanico de Poes\u00eda Bienal Latinoamericana Jos\u00e9 Rafael Pocaterra (1994-1996). Editorial La Liebre libre. Venezuela<\/li>\n<li>&#8211; <em><strong>La s\u00e9ptima Rosa<\/strong><\/em> (199<em>6)<\/em><\/li>\n<li><em>&#8211; <strong>El lugar m\u00e1s sosegado de la tierra <\/strong>(Menci\u00f3n de Honor en la bienal municipal de literatura Augusto Padr\u00f3n, 1997). Colecci\u00f3n de Poes\u00eda. Secretar\u00eda de Cultura del Estado Carabobo. Venezuela<\/em><\/li>\n<li><em>&#8211; <strong>P<\/strong><strong>anay\u00eda <\/strong>(1998-1999)<\/em><\/li>\n<li><em>&#8211; <strong>El lamento de Ariadna<\/strong> (2002-2004)<\/em><\/li>\n<li>&#8211; <strong><em>Cr\u00f3nicas de Grecia&nbsp;<\/em><\/strong>(2008)<\/li>\n<li>&#8211; <em><strong>Cr\u00f3nicas de la luz&nbsp;<\/strong><\/em>(2009)<\/li>\n<li>&#8211; <em><strong>Cr\u00f3nicas del olvido&nbsp;<\/strong><\/em>(2010)<\/li>\n<li><em>&#8211; <strong>Al este de la melancol\u00eda&nbsp;<\/strong>(2018)<\/em><\/li>\n<li><em>&#8211;&nbsp;<strong>La ciudad de Awan&nbsp;<\/strong>(2018)<\/em><\/li>\n<li><em>&#8211; <strong>El Diario de Kabir <\/strong>(2019)<\/em><\/li>\n<li><em>&#8211; <strong>El \u00e1rbol de la vida <\/strong>(2019)<\/em><\/li>\n<li>&#8211; <em><strong>Por la senda de Psique <\/strong>(2020)<\/em><\/li>\n<li>&#8211; <em><strong>Diario de un piano abierto <\/strong>(2006-2023)<\/em><\/li>\n<\/ul>\n<p style=\"text-align: justify;\">Autor de numerosos ensayos sobre poes\u00eda, escritos especialmente para los talleres del Celarg, as\u00ed como, de art\u00edculos para los peri\u00f3dicos El Siglo y el suplemento literario Verbigracia de El Universal, conferencista de la Direcci\u00f3n de Literatura del Conac (1996-1997) y del Ateneo de Maracay.<\/p>\n<p style=\"text-align: justify;\">Desde el a\u00f1o de 1989, es colaborador y coeditor de la Editorial vertiente Continua del Poeta Alfredo Silva Estrada, y director fundador del Fondo Editorial Diosa Blanca.<\/p>\n<p><img decoding=\"async\" loading=\"lazy\" class=\"aligncenter size-large wp-image-1214\" src=\"https:\/\/www.edgarvidaurre.org\/wp-content\/uploads\/2017\/11\/evm-700x466.jpg\" alt=\"\" width=\"700\" height=\"466\" srcset=\"https:\/\/edgarvidaurre.org\/wp-content\/uploads\/2017\/11\/evm-700x466.jpg 700w, https:\/\/edgarvidaurre.org\/wp-content\/uploads\/2017\/11\/evm-300x200.jpg 300w, https:\/\/edgarvidaurre.org\/wp-content\/uploads\/2017\/11\/evm-768x511.jpg 768w, https:\/\/edgarvidaurre.org\/wp-content\/uploads\/2017\/11\/evm-800x533.jpg 800w, https:\/\/edgarvidaurre.org\/wp-content\/uploads\/2017\/11\/evm.jpg 960w\" sizes=\"(max-width: 700px) 100vw, 700px\" \/><\/p>\n","protected":false},"excerpt":{"rendered":"<p>Edgar Vidaurre, naci\u00f3 en Caracas el 5 de diciembre de 1953, iniciando sus estudios musicales en el a\u00f1o de 1958 en el conservatorio de m\u00fasica Juan Manuel Olivares y de piano con el profesor Jorge Farkas. Posteriormente estudi\u00f3 con las profesoras Gerty Haas y Mar\u00eda Albino hasta 1976 a\u00f1o en el que obtiene el grado&#8230;<\/p>\n","protected":false},"author":2,"featured_media":0,"parent":0,"menu_order":0,"comment_status":"closed","ping_status":"closed","template":"","meta":{"ngg_post_thumbnail":0,"jetpack_post_was_ever_published":false},"jetpack_sharing_enabled":true,"jetpack_shortlink":"https:\/\/wp.me\/P9ptYK-b","_links":{"self":[{"href":"https:\/\/edgarvidaurre.org\/index.php?rest_route=\/wp\/v2\/pages\/11"}],"collection":[{"href":"https:\/\/edgarvidaurre.org\/index.php?rest_route=\/wp\/v2\/pages"}],"about":[{"href":"https:\/\/edgarvidaurre.org\/index.php?rest_route=\/wp\/v2\/types\/page"}],"author":[{"embeddable":true,"href":"https:\/\/edgarvidaurre.org\/index.php?rest_route=\/wp\/v2\/users\/2"}],"replies":[{"embeddable":true,"href":"https:\/\/edgarvidaurre.org\/index.php?rest_route=%2Fwp%2Fv2%2Fcomments&post=11"}],"version-history":[{"count":30,"href":"https:\/\/edgarvidaurre.org\/index.php?rest_route=\/wp\/v2\/pages\/11\/revisions"}],"predecessor-version":[{"id":4565,"href":"https:\/\/edgarvidaurre.org\/index.php?rest_route=\/wp\/v2\/pages\/11\/revisions\/4565"}],"wp:attachment":[{"href":"https:\/\/edgarvidaurre.org\/index.php?rest_route=%2Fwp%2Fv2%2Fmedia&parent=11"}],"curies":[{"name":"wp","href":"https:\/\/api.w.org\/{rel}","templated":true}]}}